{"id":176,"date":"2020-08-25T16:23:13","date_gmt":"2020-08-25T20:23:13","guid":{"rendered":"https:\/\/mm.publipageclients.com\/?page_id=176"},"modified":"2021-12-08T10:41:09","modified_gmt":"2021-12-08T15:41:09","slug":"a-propos","status":"publish","type":"page","link":"https:\/\/automecano.ca\/fr\/a-propos\/","title":{"rendered":"\u00c0 propos"},"content":{"rendered":"\n<h1 class=\"wp-block-cgb-block-monsieurmuffler-title\"><strong><strong>TOUT PR\u00c8S, TOUT PR\u00caT !<\/strong><\/strong><\/h1>\n\n\n\n<p>Fond\u00e9e il y a plus de 20 ans, le r\u00e9seau Auto M\u00e9cano compte pr\u00e8s de 130 ateliers m\u00e9caniques \u00e0 travers le Qu\u00e9bec, de telle sorte qu\u2019un atelier Auto M\u00e9cano est toujours tout pr\u00e8s de chez vous. Nous prenons \u00e0 c\u0153ur d\u2019\u00e9voluer au m\u00eame rythme que l\u2019industrie automobile en proposant des programmes de formations \u00e0 nos experts techniciens.<\/p>\n\n\n\n<div class=\"wp-block-columns is-layout-flex wp-container-core-columns-is-layout-28f84493 wp-block-columns-is-layout-flex\">\n<div class=\"wp-block-column mobile-hide is-layout-flow wp-block-column-is-layout-flow\" style=\"flex-basis:25%\"><nav class=\"mm-content-list\"><ul id=\"menu-content-pages-french\" class=\"menu\"><li id=\"menu-item-6350\" class=\"menu-item menu-item-type-post_type menu-item-object-page menu-item-6350\"><a href=\"https:\/\/automecano.ca\/fr\/nous-joindre\/\">Nous joindre<\/a><\/li>\n<li id=\"menu-item-6353\" class=\"menu-item menu-item-type-post_type menu-item-object-page menu-item-6353\"><a href=\"https:\/\/automecano.ca\/fr\/a-propos\/\">\u00c0 propos<\/a><\/li>\n<li id=\"menu-item-6814\" class=\"menu-item menu-item-type-post_type menu-item-object-page menu-item-6814\"><a href=\"https:\/\/automecano.ca\/fr\/carrieres\/\">Carri\u00e8res<\/a><\/li>\n<li id=\"menu-item-6815\" class=\"menu-item menu-item-type-post_type menu-item-object-page menu-item-6815\"><a href=\"https:\/\/automecano.ca\/fr\/blogue\/\">Blogue<\/a><\/li>\n<li id=\"menu-item-9883\" class=\"menu-item menu-item-type-post_type menu-item-object-page menu-item-9883\"><a href=\"https:\/\/automecano.ca\/fr\/infolettre\/\">Infolettre<\/a><\/li>\n<\/ul><\/nav><\/div>\n\n\n\n<div class=\"wp-block-column is-layout-flow wp-block-column-is-layout-flow\" style=\"flex-basis:70%\">\n<h4 class=\"wp-block-heading\"><strong>NOTRE ENGAGEMENT<\/strong><\/h4>\n\n\n\n<p>Chez Auto M\u00e9cano, vous donner satisfaction est notre priorit\u00e9 ! Il est important pour nous de vous offrir un service personnalis\u00e9, irr\u00e9prochable et de proximit\u00e9.<\/p>\n\n\n\n<div class=\"wp-block-columns no-padding-columns is-layout-flex wp-container-core-columns-is-layout-28f84493 wp-block-columns-is-layout-flex\">\n<div class=\"wp-block-column is-layout-flow wp-block-column-is-layout-flow\" style=\"flex-basis:33.33%\">\n<figure class=\"wp-block-image size-large\"><img loading=\"lazy\" decoding=\"async\" width=\"1024\" height=\"683\" src=\"https:\/\/automecano.ca\/wp-content\/uploads\/2021\/11\/A-propos.jpg\" alt=\"\" class=\"wp-image-8716\" srcset=\"https:\/\/automecano.ca\/wp-content\/uploads\/2021\/11\/A-propos.jpg 1024w, https:\/\/automecano.ca\/wp-content\/uploads\/2021\/11\/A-propos-300x200.jpg 300w, https:\/\/automecano.ca\/wp-content\/uploads\/2021\/11\/A-propos-768x512.jpg 768w\" sizes=\"auto, (max-width: 1024px) 100vw, 1024px\" \/><\/figure>\n\n\n\n<p><\/p>\n<\/div>\n\n\n\n<div class=\"wp-block-column no-padding-column is-layout-flow wp-block-column-is-layout-flow\" style=\"flex-basis:66.66%\">\n<h4 class=\"wp-block-heading\"><strong><strong>NOS SERVICES<\/strong><\/strong><\/h4>\n\n\n\n<p>Auto M\u00e9cano n\u2019est pas un r\u00e9seau d\u2019ateliers m\u00e9caniques comme les autres. Il r\u00e9unit des passionn\u00e9s qui s\u2019affairent \u00e0 entretenir et r\u00e9parer votre automobile en vous offrant un service personnalis\u00e9 quel que soit le motif de votre visite. Que soit pour un entretien pr\u00e9ventif ou un remplacement de radiateur, vos experts techniciens accorderont un soin tr\u00e8s particulier pour r\u00e9pondre \u00e0 vos besoins.<\/p>\n<\/div>\n<\/div>\n\n\n\n<p><\/p>\n<\/div>\n<\/div>\n\n\n\n<p><\/p>\n","protected":false},"excerpt":{"rendered":"<p>Fond\u00e9e il y a plus de 20 ans, le r\u00e9seau Auto M\u00e9cano compte pr\u00e8s de 130 ateliers m\u00e9caniques \u00e0 travers le Qu\u00e9bec, de telle sorte qu\u2019un atelier Auto M\u00e9cano est toujours tout pr\u00e8s de chez vous. Nous prenons \u00e0 c\u0153ur d\u2019\u00e9voluer au m\u00eame rythme que l\u2019industrie automobile en proposant des programmes de formations \u00e0 nos &hellip;<\/p>\n","protected":false},"author":1,"featured_media":8716,"parent":0,"menu_order":0,"comment_status":"closed","ping_status":"closed","template":"","meta":{"footnotes":""},"class_list":["post-176","page","type-page","status-publish","has-post-thumbnail","hentry"],"yoast_head":"<!-- This site is optimized with the Yoast SEO plugin v26.6 - https:\/\/yoast.com\/wordpress\/plugins\/seo\/ -->\n<title>\u00c0 propos - Auto M\u00e9cano<\/title>\n<meta name=\"description\" content=\"Les ateliers m\u00e9caniques OCTO Auto Service Plus desservent l\u2019ensemble du territoire qu\u00e9b\u00e9cois et ontarien depuis plus de 30 ans.\" \/>\n<meta name=\"robots\" content=\"index, follow, max-snippet:-1, max-image-preview:large, max-video-preview:-1\" \/>\n<link rel=\"canonical\" href=\"https:\/\/automecano.ca\/fr\/a-propos\/\" \/>\n<meta property=\"og:locale\" content=\"fr_CA\" \/>\n<meta property=\"og:type\" content=\"article\" \/>\n<meta property=\"og:title\" content=\"\u00c0 propos - Auto M\u00e9cano\" \/>\n<meta property=\"og:description\" content=\"Les ateliers m\u00e9caniques OCTO Auto Service Plus desservent l\u2019ensemble du territoire qu\u00e9b\u00e9cois et ontarien depuis plus de 30 ans.\" \/>\n<meta property=\"og:url\" content=\"https:\/\/automecano.ca\/fr\/wp-json\/wp\/v2\/pages\/176\" \/>\n<meta property=\"og:site_name\" content=\"Auto M\u00e9cano\" \/>\n<meta property=\"article:modified_time\" content=\"2021-12-08T15:41:09+00:00\" \/>\n<meta property=\"og:image\" content=\"https:\/\/automecano.ca\/wp-content\/themes\/automecano-wordpress-theme\/assets\/img\/logo-200x200.png\" \/>\n\t<meta property=\"og:image:width\" content=\"200\" \/>\n\t<meta property=\"og:image:height\" content=\"202\" \/><meta property=\"og:image\" content=\"https:\/\/automecano.ca\/wp-content\/uploads\/2021\/11\/A-propos.jpg\" \/>\n\t<meta property=\"og:image:width\" content=\"1024\" \/>\n\t<meta property=\"og:image:height\" content=\"683\" \/>\n\t<meta property=\"og:image:type\" content=\"image\/jpeg\" \/>\n<meta name=\"twitter:card\" content=\"summary_large_image\" \/>\n<meta name=\"twitter:label1\" content=\"Est. reading time\" \/>\n\t<meta name=\"twitter:data1\" content=\"1 minute\" \/>\n<script type=\"application\/ld+json\" class=\"yoast-schema-graph\">{\"@context\":\"https:\/\/schema.org\",\"@graph\":[{\"@type\":\"WebPage\",\"@id\":\"https:\/\/automecano.ca\/fr\/a-propos\/\",\"url\":\"https:\/\/automecano.ca\/fr\/a-propos\/\",\"name\":\"\u00c0 propos - Auto M\u00e9cano\",\"isPartOf\":{\"@id\":\"https:\/\/automecano.ca\/#website\"},\"primaryImageOfPage\":{\"@id\":\"https:\/\/automecano.ca\/fr\/a-propos\/#primaryimage\"},\"image\":{\"@id\":\"https:\/\/automecano.ca\/fr\/a-propos\/#primaryimage\"},\"thumbnailUrl\":\"https:\/\/automecano.ca\/wp-content\/uploads\/2021\/11\/A-propos.jpg\",\"datePublished\":\"2020-08-25T20:23:13+00:00\",\"dateModified\":\"2021-12-08T15:41:09+00:00\",\"description\":\"Les ateliers m\u00e9caniques OCTO Auto Service Plus desservent l\u2019ensemble du territoire qu\u00e9b\u00e9cois et ontarien depuis plus de 30 ans.\",\"breadcrumb\":{\"@id\":\"https:\/\/automecano.ca\/fr\/a-propos\/#breadcrumb\"},\"inLanguage\":\"fr-CA\",\"potentialAction\":[{\"@type\":\"ReadAction\",\"target\":[\"https:\/\/automecano.ca\/fr\/a-propos\/\"]}]},{\"@type\":\"ImageObject\",\"inLanguage\":\"fr-CA\",\"@id\":\"https:\/\/automecano.ca\/fr\/a-propos\/#primaryimage\",\"url\":\"https:\/\/automecano.ca\/wp-content\/uploads\/2021\/11\/A-propos.jpg\",\"contentUrl\":\"https:\/\/automecano.ca\/wp-content\/uploads\/2021\/11\/A-propos.jpg\",\"width\":1024,\"height\":683},{\"@type\":\"BreadcrumbList\",\"@id\":\"https:\/\/automecano.ca\/fr\/a-propos\/#breadcrumb\",\"itemListElement\":[{\"@type\":\"ListItem\",\"position\":1,\"name\":\"Home\",\"item\":\"https:\/\/automecano.ca\/fr\/\"},{\"@type\":\"ListItem\",\"position\":2,\"name\":\"\u00c0 propos\"}]},{\"@type\":\"WebSite\",\"@id\":\"https:\/\/automecano.ca\/#website\",\"url\":\"https:\/\/automecano.ca\/\",\"name\":\"Auto M\u00e9cano\",\"description\":\"Expert Technicien\",\"potentialAction\":[{\"@type\":\"SearchAction\",\"target\":{\"@type\":\"EntryPoint\",\"urlTemplate\":\"https:\/\/automecano.ca\/?s={search_term_string}\"},\"query-input\":{\"@type\":\"PropertyValueSpecification\",\"valueRequired\":true,\"valueName\":\"search_term_string\"}}],\"inLanguage\":\"fr-CA\"}]}<\/script>\n<!-- \/ Yoast SEO plugin. -->","yoast_head_json":{"title":"\u00c0 propos - Auto M\u00e9cano","description":"Les ateliers m\u00e9caniques OCTO Auto Service Plus desservent l\u2019ensemble du territoire qu\u00e9b\u00e9cois et ontarien depuis plus de 30 ans.","robots":{"index":"index","follow":"follow","max-snippet":"max-snippet:-1","max-image-preview":"max-image-preview:large","max-video-preview":"max-video-preview:-1"},"canonical":"https:\/\/automecano.ca\/fr\/a-propos\/","og_locale":"fr_CA","og_type":"article","og_title":"\u00c0 propos - Auto M\u00e9cano","og_description":"Les ateliers m\u00e9caniques OCTO Auto Service Plus desservent l\u2019ensemble du territoire qu\u00e9b\u00e9cois et ontarien depuis plus de 30 ans.","og_url":"https:\/\/automecano.ca\/fr\/wp-json\/wp\/v2\/pages\/176","og_site_name":"Auto M\u00e9cano","article_modified_time":"2021-12-08T15:41:09+00:00","og_image":[{"url":"https:\/\/automecano.ca\/wp-content\/themes\/automecano-wordpress-theme\/assets\/img\/logo-200x200.png","height":202,"width":200,"type":""},{"width":1024,"height":683,"url":"https:\/\/automecano.ca\/wp-content\/uploads\/2021\/11\/A-propos.jpg","type":"image\/jpeg"}],"twitter_card":"summary_large_image","twitter_misc":{"Est. reading time":"1 minute"},"schema":{"@context":"https:\/\/schema.org","@graph":[{"@type":"WebPage","@id":"https:\/\/automecano.ca\/fr\/a-propos\/","url":"https:\/\/automecano.ca\/fr\/a-propos\/","name":"\u00c0 propos - Auto M\u00e9cano","isPartOf":{"@id":"https:\/\/automecano.ca\/#website"},"primaryImageOfPage":{"@id":"https:\/\/automecano.ca\/fr\/a-propos\/#primaryimage"},"image":{"@id":"https:\/\/automecano.ca\/fr\/a-propos\/#primaryimage"},"thumbnailUrl":"https:\/\/automecano.ca\/wp-content\/uploads\/2021\/11\/A-propos.jpg","datePublished":"2020-08-25T20:23:13+00:00","dateModified":"2021-12-08T15:41:09+00:00","description":"Les ateliers m\u00e9caniques OCTO Auto Service Plus desservent l\u2019ensemble du territoire qu\u00e9b\u00e9cois et ontarien depuis plus de 30 ans.","breadcrumb":{"@id":"https:\/\/automecano.ca\/fr\/a-propos\/#breadcrumb"},"inLanguage":"fr-CA","potentialAction":[{"@type":"ReadAction","target":["https:\/\/automecano.ca\/fr\/a-propos\/"]}]},{"@type":"ImageObject","inLanguage":"fr-CA","@id":"https:\/\/automecano.ca\/fr\/a-propos\/#primaryimage","url":"https:\/\/automecano.ca\/wp-content\/uploads\/2021\/11\/A-propos.jpg","contentUrl":"https:\/\/automecano.ca\/wp-content\/uploads\/2021\/11\/A-propos.jpg","width":1024,"height":683},{"@type":"BreadcrumbList","@id":"https:\/\/automecano.ca\/fr\/a-propos\/#breadcrumb","itemListElement":[{"@type":"ListItem","position":1,"name":"Home","item":"https:\/\/automecano.ca\/fr\/"},{"@type":"ListItem","position":2,"name":"\u00c0 propos"}]},{"@type":"WebSite","@id":"https:\/\/automecano.ca\/#website","url":"https:\/\/automecano.ca\/","name":"Auto M\u00e9cano","description":"Expert Technicien","potentialAction":[{"@type":"SearchAction","target":{"@type":"EntryPoint","urlTemplate":"https:\/\/automecano.ca\/?s={search_term_string}"},"query-input":{"@type":"PropertyValueSpecification","valueRequired":true,"valueName":"search_term_string"}}],"inLanguage":"fr-CA"}]}},"_links":{"self":[{"href":"https:\/\/automecano.ca\/fr\/wp-json\/wp\/v2\/pages\/176","targetHints":{"allow":["GET"]}}],"collection":[{"href":"https:\/\/automecano.ca\/fr\/wp-json\/wp\/v2\/pages"}],"about":[{"href":"https:\/\/automecano.ca\/fr\/wp-json\/wp\/v2\/types\/page"}],"author":[{"embeddable":true,"href":"https:\/\/automecano.ca\/fr\/wp-json\/wp\/v2\/users\/1"}],"replies":[{"embeddable":true,"href":"https:\/\/automecano.ca\/fr\/wp-json\/wp\/v2\/comments?post=176"}],"version-history":[{"count":0,"href":"https:\/\/automecano.ca\/fr\/wp-json\/wp\/v2\/pages\/176\/revisions"}],"wp:featuredmedia":[{"embeddable":true,"href":"https:\/\/automecano.ca\/fr\/wp-json\/wp\/v2\/media\/8716"}],"wp:attachment":[{"href":"https:\/\/automecano.ca\/fr\/wp-json\/wp\/v2\/media?parent=176"}],"curies":[{"name":"wp","href":"https:\/\/api.w.org\/{rel}","templated":true}]}}