{"id":29301,"date":"2025-10-02T13:59:30","date_gmt":"2025-10-02T17:59:30","guid":{"rendered":"https:\/\/automecano.ca\/?page_id=29301"},"modified":"2025-10-08T13:18:16","modified_gmt":"2025-10-08T17:18:16","slug":"infolettre-concours-automne","status":"publish","type":"page","link":"https:\/\/automecano.ca\/fr\/infolettre-concours-automne\/","title":{"rendered":"Concours-Automne"},"content":{"rendered":"\n<h1 class=\"wp-block-cgb-block-monsieurmuffler-title is-blue column-aligned-title is-style-thiner-with-line no-yellow-line\"><\/h1>\n\n\n\n<h2 class=\"wp-block-heading has-text-color\" style=\"color:#064188;font-size:55px\">CONCOURS ANNUEL AUTO M\u00c9CANO<\/h2>\n\n\n\n<p><\/p>\n\n\n\n<p><\/p>\n\n\n\n<div style=\"height:71px\" aria-hidden=\"true\" class=\"wp-block-spacer\"><\/div>\n\n\n\n<p class=\"has-text-color has-large-font-size\" style=\"color:#064188\"><strong>AUTO M\u00c9CANO VOUS OFFRE LA CHANCE DE GAGNER<\/strong><br><strong>UN CERTIFICAT-CADEAU DE 1500$ !<\/strong><\/p>\n\n\n\n<div style=\"height:35px\" aria-hidden=\"true\" class=\"wp-block-spacer\"><\/div>\n\n\n\n<div class=\"wp-block-media-text alignwide has-media-on-the-right is-stacked-on-mobile\" style=\"grid-template-columns:auto 36%\"><div class=\"wp-block-media-text__content\">\n<p style=\"font-size:26px\">Le concours de l\u2019ann\u00e9e est de retour dans votre banni\u00e8re !<\/p>\n\n\n\n<p class=\"has-text-align-left\" style=\"font-size:26px\">Courez la chance de remporter un <strong>certificat-cadeau de 1500$<\/strong> pour un entretien ou une r\u00e9paration automobile dans l&#8217;un de nos ateliers.<\/p>\n\n\n\n<p style=\"font-size:26px\">Pour participer, inscrivez-vous \u00e0 notre infolettre via le formulaire ci-dessous et aimez la page Facebook d\u2019Auto M\u00e9cano.<\/p>\n\n\n\n<p style=\"font-size:26px\">Faites-vite, vous avez jusqu&#8217;au 1er d\u00e9cembre 2025 pour participer.<\/p>\n<\/div><figure class=\"wp-block-media-text__media\"><img loading=\"lazy\" decoding=\"async\" width=\"650\" height=\"650\" src=\"https:\/\/automecano.ca\/wp-content\/uploads\/2025\/10\/Concours_Automne_2025-v2.gif\" alt=\"\" class=\"wp-image-31559 size-full\"\/><\/figure><\/div>\n\n\n\n<div style=\"height:48px\" aria-hidden=\"true\" class=\"wp-block-spacer\"><\/div>\n\n\n\n<div class=\"wp-block-group newsletter-group has-white-background-color has-background is-layout-flow wp-block-group-is-layout-flow\">\n<div id=\"mc_embed_shell\">\n      <link href=\"\/\/cdn-images.mailchimp.com\/embedcode\/classic-061523.css\" rel=\"stylesheet\" type=\"text\/css\">\n  <style type=\"text\/css\">\n        #mc_embed_signup{background:#fff; false;clear:left; font:14px Helvetica,Arial,sans-serif; width: 600px;}\n        \/* Add your own Mailchimp form style overrides in your site stylesheet or in this style block.\n           We recommend moving this block and the preceding CSS link to the HEAD of your HTML file. *\/\n<\/style><style type=\"text\/css\">\n        #mc-embedded-subscribe-form input[type=checkbox]{display: inline; width: auto;margin-right: 10px;}\n#mergeRow-gdpr {margin-top: 20px;}\n#mergeRow-gdpr fieldset label {font-weight: normal;}\n#mc-embedded-subscribe-form .mc_fieldset{border:none;min-height: 0px;padding-bottom:0px;}\n<\/style>\n<div id=\"mc_embed_signup\">\n    <form action=\"https:\/\/automecano.us20.list-manage.com\/subscribe\/post?u=633b5f1f5f1b878ef5fa21aa2&amp;id=0e007dc867&amp;v_id=4835&amp;f_id=00031feaf0\" method=\"post\" id=\"mc-embedded-subscribe-form\" name=\"mc-embedded-subscribe-form\" class=\"validate\" target=\"_blank\">\n        <div id=\"mc_embed_signup_scroll\"><h2>Formulaire concours<\/h2>\n            <div class=\"indicates-required\"><span class=\"asterisk\">*<\/span> indique \u201cobligatoire\u201d<\/div>\n            <div class=\"mc-field-group\"><label for=\"mce-EMAIL\">Courriel <span class=\"asterisk\">*<\/span><\/label><input type=\"email\" name=\"EMAIL\" class=\"required email\" id=\"mce-EMAIL\" required=\"\" value=\"\"><\/div><div class=\"mc-field-group\"><label for=\"mce-FNAME\">Pr\u00e9nom <span class=\"asterisk\">*<\/span><\/label><input type=\"text\" name=\"FNAME\" class=\"required text\" id=\"mce-FNAME\" required=\"\" value=\"\"><\/div><div class=\"mc-field-group\"><label for=\"mce-LNAME\">Nom <span class=\"asterisk\">*<\/span><\/label><input type=\"text\" name=\"LNAME\" class=\"required text\" id=\"mce-LNAME\" required=\"\" value=\"\"><\/div><div class=\"mc-field-group\"><label for=\"mce-PHONE\">Num\u00e9ro de t\u00e9l\u00e9phone <span class=\"asterisk\">*<\/span><\/label><input type=\"text\" name=\"PHONE\" class=\"REQ_CSS\" id=\"mce-PHONE\" value=\"\"><\/div><div class=\"mc-field-group input-group\"><strong>Langue <\/strong><ul><li><input type=\"radio\" name=\"LANG\" id=\"mce-LANG0\" value=\"Fran\u00e7ais \/ French\"><label for=\"mce-LANG0\">Fran\u00e7ais \/ French<\/label><\/li><li><input type=\"radio\" name=\"LANG\" id=\"mce-LANG1\" value=\"English \/ Anglais\"><label for=\"mce-LANG1\">English \/ Anglais<\/label><\/li><\/ul><\/div><div id=\"mergeRow-gdpr\" class=\"mergeRow gdpr-mergeRow content__gdprBlock mc-field-group\"><div class=\"content__gdpr\"><label>Pr\u00e9f\u00e9rences marketing<\/label><p>Veuillez s\u00e9lectionner toutes les fa\u00e7ons par lesquelles vous aimeriez recevoir des nouvelles d\u2019Auto M\u00e9cano :\n\n\n<\/p><fieldset class=\"mc_fieldset gdprRequired mc-field-group\" name=\"interestgroup_field\"><label class=\"checkbox subfield\" for=\"gdpr67211\"><input type=\"checkbox\" id=\"gdpr_67211\" name=\"gdpr[67211]\" class=\"gdpr\" value=\"Y\"><span>Email<\/span><\/label><\/fieldset><p>Vous pouvez vous d\u00e9sabonner \u00e0 tout moment en cliquant sur le lien dans le pied de page de nos e-mails. Pour obtenir des informations sur nos pratiques en mati\u00e8re de confidentialit\u00e9, veuillez visiter notre site Web.<\/p><\/div><\/div>\n<div hidden=\"\"><input type=\"hidden\" name=\"tags\" value=\"4244152\"><\/div>\n        <div id=\"mce-responses\" class=\"clear\">\n            <div class=\"response\" id=\"mce-error-response\" style=\"display: none;\"><\/div>\n            <div class=\"response\" id=\"mce-success-response\" style=\"display: none;\"><\/div>\n        <\/div><div aria-hidden=\"true\" style=\"position: absolute; left: -5000px;\"><input type=\"text\" name=\"b_633b5f1f5f1b878ef5fa21aa2_0e007dc867\" tabindex=\"-1\" value=\"\"><\/div><div class=\"clear\"><input type=\"submit\" name=\"subscribe\" id=\"mc-embedded-subscribe\" class=\"button\" value=\"Participer\"><\/div>\n    <\/div>\n<\/form>\n<\/div>\n<script type=\"text\/javascript\" src=\"\/\/s3.amazonaws.com\/downloads.mailchimp.com\/js\/mc-validate.js\"><\/script><script type=\"text\/javascript\">(function($) {window.fnames = new Array(); window.ftypes = new Array();fnames[0]='EMAIL';ftypes[0]='email';fnames[1]='FNAME';ftypes[1]='text';fnames[2]='LNAME';ftypes[2]='text';fnames[4]='PHONE';ftypes[4]='phone';fnames[7]='LANG';ftypes[7]='radio';fnames[3]='ADDRESS';ftypes[3]='address';fnames[6]='ATELIER';ftypes[6]='text';fnames[5]='POSTALCODE';ftypes[5]='text';\/*\n * Translated default messages for the $ validation plugin.\n * Locale: FR\n *\/\n$.extend($.validator.messages, {\n        required: \"Ce champ est requis.\",\n        remote: \"Veuillez remplir ce champ pour continuer.\",\n        email: \"Veuillez entrer une adresse email valide.\",\n        url: \"Veuillez entrer une URL valide.\",\n        date: \"Veuillez entrer une date valide.\",\n        dateISO: \"Veuillez entrer une date valide (ISO).\",\n        number: \"Veuillez entrer un nombre valide.\",\n        digits: \"Veuillez entrer (seulement) une valeur num\u00e9rique.\",\n        creditcard: \"Veuillez entrer un num\u00e9ro de carte de cr\u00e9dit valide.\",\n        equalTo: \"Veuillez entrer une nouvelle fois la m\u00eame valeur.\",\n        accept: \"Veuillez entrer une valeur avec une extension valide.\",\n        maxlength: $.validator.format(\"Veuillez ne pas entrer plus de {0} caract\u00e8res.\"),\n        minlength: $.validator.format(\"Veuillez entrer au moins {0} caract\u00e8res.\"),\n        rangelength: $.validator.format(\"Veuillez entrer entre {0} et {1} caract\u00e8res.\"),\n        range: $.validator.format(\"Veuillez entrer une valeur entre {0} et {1}.\"),\n        max: $.validator.format(\"Veuillez entrer une valeur inf\u00e9rieure ou \u00e9gale \u00e0 {0}.\"),\n        min: $.validator.format(\"Veuillez entrer une valeur sup\u00e9rieure ou \u00e9gale \u00e0 {0}.\")\n});}(jQuery));var $mcj = jQuery.noConflict(true);<\/script><\/div>\n<\/div>\n\n\n\n<p>En remplissant ce formulaire, vous consentez \u00e0 recevoir notre infolettre.<\/p>\n\n\n\n<p>Tous les participants au concours sont soumis aux <a href=\"https:\/\/automecano.ca\/wp-content\/uploads\/2025\/10\/REGLEMENT_CONCOURS_ANNUEL-2025_AUTO-MECANO_FR_Version-finale.pdf\">r\u00e8glements officiels<\/a>.<\/p>\n\n\n\n<p><\/p>\n","protected":false},"excerpt":{"rendered":"<p>CONCOURS ANNUEL AUTO M\u00c9CANO AUTO M\u00c9CANO VOUS OFFRE LA CHANCE DE GAGNERUN CERTIFICAT-CADEAU DE 1500$ ! Le concours de l\u2019ann\u00e9e est de retour dans votre banni\u00e8re ! Courez la chance de remporter un certificat-cadeau de 1500$ pour un entretien ou une r\u00e9paration automobile dans l&#8217;un de nos ateliers. Pour participer, inscrivez-vous \u00e0 notre infolettre via &hellip;<\/p>\n","protected":false},"author":4,"featured_media":0,"parent":0,"menu_order":0,"comment_status":"closed","ping_status":"closed","template":"","meta":{"footnotes":""},"class_list":["post-29301","page","type-page","status-publish","hentry"],"yoast_head":"<!-- This site is optimized with the Yoast SEO plugin v26.6 - https:\/\/yoast.com\/wordpress\/plugins\/seo\/ -->\n<title>Concours-Automne - Auto M\u00e9cano<\/title>\n<meta name=\"robots\" content=\"index, follow, max-snippet:-1, max-image-preview:large, max-video-preview:-1\" \/>\n<link rel=\"canonical\" href=\"https:\/\/automecano.ca\/fr\/infolettre-concours-automne\/\" \/>\n<meta property=\"og:locale\" content=\"fr_CA\" \/>\n<meta property=\"og:type\" content=\"article\" \/>\n<meta property=\"og:title\" content=\"Concours-Automne - Auto M\u00e9cano\" \/>\n<meta property=\"og:description\" content=\"CONCOURS ANNUEL AUTO M\u00c9CANO AUTO M\u00c9CANO VOUS OFFRE LA CHANCE DE GAGNERUN CERTIFICAT-CADEAU DE 1500$ ! Le concours de l\u2019ann\u00e9e est de retour dans votre banni\u00e8re ! Courez la chance de remporter un certificat-cadeau de 1500$ pour un entretien ou une r\u00e9paration automobile dans l&#8217;un de nos ateliers. Pour participer, inscrivez-vous \u00e0 notre infolettre via [&hellip;]\" \/>\n<meta property=\"og:url\" content=\"https:\/\/automecano.ca\/fr\/wp-json\/wp\/v2\/pages\/29301\" \/>\n<meta property=\"og:site_name\" content=\"Auto M\u00e9cano\" \/>\n<meta property=\"article:modified_time\" content=\"2025-10-08T17:18:16+00:00\" \/>\n<meta property=\"og:image\" content=\"https:\/\/automecano.ca\/wp-content\/themes\/automecano-wordpress-theme\/assets\/img\/logo-200x200.png\" \/>\n\t<meta property=\"og:image:width\" content=\"200\" \/>\n\t<meta property=\"og:image:height\" content=\"202\" \/><meta property=\"og:image\" content=\"https:\/\/automecano.ca\/wp-content\/uploads\/2025\/10\/Concours_Automne_2025-v2.gif\" \/>\n\t<meta property=\"og:image:width\" content=\"650\" \/>\n\t<meta property=\"og:image:height\" content=\"650\" \/>\n\t<meta property=\"og:image:type\" content=\"image\/gif\" \/>\n<meta name=\"twitter:card\" content=\"summary_large_image\" \/>\n<meta name=\"twitter:label1\" content=\"Est. reading time\" \/>\n\t<meta name=\"twitter:data1\" content=\"1 minute\" \/>\n<script type=\"application\/ld+json\" class=\"yoast-schema-graph\">{\"@context\":\"https:\/\/schema.org\",\"@graph\":[{\"@type\":\"WebPage\",\"@id\":\"https:\/\/automecano.ca\/fr\/infolettre-concours-automne\/\",\"url\":\"https:\/\/automecano.ca\/fr\/infolettre-concours-automne\/\",\"name\":\"Concours-Automne - Auto M\u00e9cano\",\"isPartOf\":{\"@id\":\"https:\/\/automecano.ca\/#website\"},\"primaryImageOfPage\":{\"@id\":\"https:\/\/automecano.ca\/fr\/infolettre-concours-automne\/#primaryimage\"},\"image\":{\"@id\":\"https:\/\/automecano.ca\/fr\/infolettre-concours-automne\/#primaryimage\"},\"thumbnailUrl\":\"https:\/\/automecano.ca\/wp-content\/uploads\/2025\/10\/Concours_Automne_2025-v2.gif\",\"datePublished\":\"2025-10-02T17:59:30+00:00\",\"dateModified\":\"2025-10-08T17:18:16+00:00\",\"breadcrumb\":{\"@id\":\"https:\/\/automecano.ca\/fr\/infolettre-concours-automne\/#breadcrumb\"},\"inLanguage\":\"fr-CA\",\"potentialAction\":[{\"@type\":\"ReadAction\",\"target\":[\"https:\/\/automecano.ca\/fr\/infolettre-concours-automne\/\"]}]},{\"@type\":\"ImageObject\",\"inLanguage\":\"fr-CA\",\"@id\":\"https:\/\/automecano.ca\/fr\/infolettre-concours-automne\/#primaryimage\",\"url\":\"https:\/\/automecano.ca\/wp-content\/uploads\/2025\/10\/Concours_Automne_2025-v2.gif\",\"contentUrl\":\"https:\/\/automecano.ca\/wp-content\/uploads\/2025\/10\/Concours_Automne_2025-v2.gif\"},{\"@type\":\"BreadcrumbList\",\"@id\":\"https:\/\/automecano.ca\/fr\/infolettre-concours-automne\/#breadcrumb\",\"itemListElement\":[{\"@type\":\"ListItem\",\"position\":1,\"name\":\"Home\",\"item\":\"https:\/\/automecano.ca\/fr\/\"},{\"@type\":\"ListItem\",\"position\":2,\"name\":\"Concours-Automne\"}]},{\"@type\":\"WebSite\",\"@id\":\"https:\/\/automecano.ca\/#website\",\"url\":\"https:\/\/automecano.ca\/\",\"name\":\"Auto M\u00e9cano\",\"description\":\"Expert Technicien\",\"potentialAction\":[{\"@type\":\"SearchAction\",\"target\":{\"@type\":\"EntryPoint\",\"urlTemplate\":\"https:\/\/automecano.ca\/?s={search_term_string}\"},\"query-input\":{\"@type\":\"PropertyValueSpecification\",\"valueRequired\":true,\"valueName\":\"search_term_string\"}}],\"inLanguage\":\"fr-CA\"}]}<\/script>\n<!-- \/ Yoast SEO plugin. -->","yoast_head_json":{"title":"Concours-Automne - Auto M\u00e9cano","robots":{"index":"index","follow":"follow","max-snippet":"max-snippet:-1","max-image-preview":"max-image-preview:large","max-video-preview":"max-video-preview:-1"},"canonical":"https:\/\/automecano.ca\/fr\/infolettre-concours-automne\/","og_locale":"fr_CA","og_type":"article","og_title":"Concours-Automne - Auto M\u00e9cano","og_description":"CONCOURS ANNUEL AUTO M\u00c9CANO AUTO M\u00c9CANO VOUS OFFRE LA CHANCE DE GAGNERUN CERTIFICAT-CADEAU DE 1500$ ! Le concours de l\u2019ann\u00e9e est de retour dans votre banni\u00e8re ! Courez la chance de remporter un certificat-cadeau de 1500$ pour un entretien ou une r\u00e9paration automobile dans l&#8217;un de nos ateliers. Pour participer, inscrivez-vous \u00e0 notre infolettre via [&hellip;]","og_url":"https:\/\/automecano.ca\/fr\/wp-json\/wp\/v2\/pages\/29301","og_site_name":"Auto M\u00e9cano","article_modified_time":"2025-10-08T17:18:16+00:00","og_image":[{"url":"https:\/\/automecano.ca\/wp-content\/themes\/automecano-wordpress-theme\/assets\/img\/logo-200x200.png","height":202,"width":200,"type":""},{"width":650,"height":650,"url":"https:\/\/automecano.ca\/wp-content\/uploads\/2025\/10\/Concours_Automne_2025-v2.gif","type":"image\/gif"}],"twitter_card":"summary_large_image","twitter_misc":{"Est. reading time":"1 minute"},"schema":{"@context":"https:\/\/schema.org","@graph":[{"@type":"WebPage","@id":"https:\/\/automecano.ca\/fr\/infolettre-concours-automne\/","url":"https:\/\/automecano.ca\/fr\/infolettre-concours-automne\/","name":"Concours-Automne - Auto M\u00e9cano","isPartOf":{"@id":"https:\/\/automecano.ca\/#website"},"primaryImageOfPage":{"@id":"https:\/\/automecano.ca\/fr\/infolettre-concours-automne\/#primaryimage"},"image":{"@id":"https:\/\/automecano.ca\/fr\/infolettre-concours-automne\/#primaryimage"},"thumbnailUrl":"https:\/\/automecano.ca\/wp-content\/uploads\/2025\/10\/Concours_Automne_2025-v2.gif","datePublished":"2025-10-02T17:59:30+00:00","dateModified":"2025-10-08T17:18:16+00:00","breadcrumb":{"@id":"https:\/\/automecano.ca\/fr\/infolettre-concours-automne\/#breadcrumb"},"inLanguage":"fr-CA","potentialAction":[{"@type":"ReadAction","target":["https:\/\/automecano.ca\/fr\/infolettre-concours-automne\/"]}]},{"@type":"ImageObject","inLanguage":"fr-CA","@id":"https:\/\/automecano.ca\/fr\/infolettre-concours-automne\/#primaryimage","url":"https:\/\/automecano.ca\/wp-content\/uploads\/2025\/10\/Concours_Automne_2025-v2.gif","contentUrl":"https:\/\/automecano.ca\/wp-content\/uploads\/2025\/10\/Concours_Automne_2025-v2.gif"},{"@type":"BreadcrumbList","@id":"https:\/\/automecano.ca\/fr\/infolettre-concours-automne\/#breadcrumb","itemListElement":[{"@type":"ListItem","position":1,"name":"Home","item":"https:\/\/automecano.ca\/fr\/"},{"@type":"ListItem","position":2,"name":"Concours-Automne"}]},{"@type":"WebSite","@id":"https:\/\/automecano.ca\/#website","url":"https:\/\/automecano.ca\/","name":"Auto M\u00e9cano","description":"Expert Technicien","potentialAction":[{"@type":"SearchAction","target":{"@type":"EntryPoint","urlTemplate":"https:\/\/automecano.ca\/?s={search_term_string}"},"query-input":{"@type":"PropertyValueSpecification","valueRequired":true,"valueName":"search_term_string"}}],"inLanguage":"fr-CA"}]}},"_links":{"self":[{"href":"https:\/\/automecano.ca\/fr\/wp-json\/wp\/v2\/pages\/29301","targetHints":{"allow":["GET"]}}],"collection":[{"href":"https:\/\/automecano.ca\/fr\/wp-json\/wp\/v2\/pages"}],"about":[{"href":"https:\/\/automecano.ca\/fr\/wp-json\/wp\/v2\/types\/page"}],"author":[{"embeddable":true,"href":"https:\/\/automecano.ca\/fr\/wp-json\/wp\/v2\/users\/4"}],"replies":[{"embeddable":true,"href":"https:\/\/automecano.ca\/fr\/wp-json\/wp\/v2\/comments?post=29301"}],"version-history":[{"count":0,"href":"https:\/\/automecano.ca\/fr\/wp-json\/wp\/v2\/pages\/29301\/revisions"}],"wp:attachment":[{"href":"https:\/\/automecano.ca\/fr\/wp-json\/wp\/v2\/media?parent=29301"}],"curies":[{"name":"wp","href":"https:\/\/api.w.org\/{rel}","templated":true}]}}