{"id":6187,"date":"2020-09-10T14:00:47","date_gmt":"2020-09-10T18:00:47","guid":{"rendered":"https:\/\/mm.publipageclients.com\/?page_id=6187"},"modified":"2024-11-07T00:07:20","modified_gmt":"2024-11-07T05:07:20","slug":"pneus","status":"publish","type":"page","link":"https:\/\/automecano.ca\/fr\/pneus\/","title":{"rendered":"Pneus"},"content":{"rendered":"\n<h1 class=\"wp-block-heading\">PNEUS ET JANTES<\/h1>\n\n\n\n<p>Bienvenue dans l\u2019outil de recherche de pneus. Gr\u00e2ce au menu ci-dessous, retrouvez facilement le pneu correspondant \u00e0 votre automobile. Entrez la largeur, le profil et la taille de la roue, puis s\u00e9lectionnez le type de pneus que vous recherchez. Laissez-vous guider !<\/p>\n\n\n\n<h3 class=\"wp-block-heading\"><strong>CHOISISSEZ VOS PNEUS<\/strong><\/h3>\n\n\n<div class=\"favorite-location-block\" data-block-id=\"1\">\n\n    <div class=\"row\">\n        <div class=\"col-md-4\">\n            <h2>\n                CHOISISSEZ<br>VOS PNEUS\n            <\/h2>\n        <\/div>\n        <div class=\"col-md-8 text-right store\">\n            <div class=\"coords\">\n                <h3>450-M\u00e9canique Auto M\u00e9cano<\/h3>\n                <p>1556 Jean Lachaine, Sainte-Catherine (QC) J5L 1C2<\/p>\n                <p>(450) 684-0315<\/p>\n            <\/div>\n            <span class=\"link\">\n                    <a class=\"storeLocatorChangeStore\" href=\"https:\/\/automecano.ca\/fr\/ateliers\/\">\n                            Changer D\u2019atelier\n                    <\/a>\n                <\/span>\n        <\/div>\n        <div class=\"col-md-12\">\n            <hr class=\"yellow\">\n        <\/div>\n    <\/div>\n\n<\/div>\n\n<div class=\"favorite-location-block\" data-block-id=\"2\">\n<script src=\"https:\/\/app.tireconnect.ca\/js\/widget.js\"><\/script>\n<div id=\"tireconnect\"><\/div>\n<script>\nif (document.querySelector('.favorite-location-block[data-block-id=\"2\"]') === null) {\n  TCWidget.init({\n    \n    apikey: \"7e34ebf064008e9af54518605a409be8\",\n    locationId: \"29023\",\n    container: \"tireconnect\",\n    locale: \"fr_CA\",\n    locationLock: true\n  });\n}\n<\/script>\n<\/div>\n\n\n<div style=\"height:100px\" aria-hidden=\"true\" class=\"wp-block-spacer\"><\/div>\n\n\n\n<h2 class=\"wp-block-heading\">JANTES, ACCESSOIRES DE PNEUS <br>ET SERVICES CONNEXES<\/h2>\n\n\n\n<hr class=\"yellow\">\n\n\n<section id=\"carousel-services\" class=\"carousel slide pointer-event\" data-ride=\"carousel\"><div class=\"carousel-inner\"><div class=\"row\"><div class=\"carousel-item active\"><div class=\"col-md-4\"><a href=\"https:\/\/automecano.ca\/fr\/services\/mecanique-et-entretien\/\"  class=\"service-hover\"><h4 class=\"service-title\">Entretiens pr\u00e9ventifs<\/h4><div style=\" background-image: url('https:\/\/automecano.ca\/wp-content\/uploads\/2021\/11\/Services-et-mecaniques-entretien-prescrit.jpg');  background-repeat: no-repeat; background-size: cover; background-position: center top;\"><div class=\"carousel-services-image image-overlay\"><div class=\"carousel-services-image icon-background\"><div class=\"carousel-services-image image-icon\"style=\"background-image: url('https:\/\/automecano.ca\/wp-content\/uploads\/2020\/08\/entretien.png') ;\"><\/div><\/div><\/div><\/div><\/a><p class=\"excerpt\">Prenez rendez-vous pour un entretien pr\u00e9ventif et assurez la long\u00e9vit\u00e9 de votre v\u00e9hicule. <a class=\"service-link\" href=\"https:\/\/automecano.ca\/fr\/services\/mecanique-et-entretien\/\"><\/a><\/p><\/div><\/div><div class=\"carousel-item\"><div class=\"col-md-4\"><a href=\"https:\/\/automecano.ca\/fr\/services\/freins\/\"  class=\"service-hover\"><h4 class=\"service-title\">Freins<\/h4><div style=\" background-image: url('https:\/\/automecano.ca\/wp-content\/uploads\/2021\/11\/Services-et-mecaniques-freins.jpg');  background-repeat: no-repeat; background-size: cover; background-position: center top;\"><div class=\"carousel-services-image image-overlay\"><div class=\"carousel-services-image icon-background\"><div class=\"carousel-services-image image-icon\"style=\"background-image: url('https:\/\/automecano.ca\/wp-content\/uploads\/2020\/08\/Freins-1.png') ;\"><\/div><\/div><\/div><\/div><\/a><p class=\"excerpt\">Faites entretenir vos freins r\u00e9guli\u00e8rement pour une auto s\u00e9curis\u00e9e gr\u00e2ce \u00e0 un syst\u00e8me de freinage optimal.<a class=\"service-link\" href=\"https:\/\/automecano.ca\/fr\/services\/freins\/\"><\/a><\/p><\/div><\/div><div class=\"carousel-item\"><div class=\"col-md-4\"><a href=\"https:\/\/automecano.ca\/fr\/services\/suspension-et-direction\/\"  class=\"service-hover\"><h4 class=\"service-title\">Suspension et direction<\/h4><div style=\" background-image: url('https:\/\/automecano.ca\/wp-content\/uploads\/2021\/11\/Services-et-mecaniques-suspension-et-direction.jpg');  background-repeat: no-repeat; background-size: cover; background-position: center top;\"><div class=\"carousel-services-image image-overlay\"><div class=\"carousel-services-image icon-background\"><div class=\"carousel-services-image image-icon\"style=\"background-image: url('https:\/\/automecano.ca\/wp-content\/uploads\/2020\/08\/Suspension-2-1.png') ;\"><\/div><\/div><\/div><\/div><\/a><p class=\"excerpt\">Faites v\u00e9rifier vos suspensions et votre direction pour \u00eatre toujours dans le bon axe.<a class=\"service-link\" href=\"https:\/\/automecano.ca\/fr\/services\/suspension-et-direction\/\"><\/a><\/p><\/div><\/div><div class=\"carousel-item\"><div class=\"col-md-4\"><a href=\"https:\/\/automecano.ca\/fr\/services\/climatisation-et-chauffage\/\"  class=\"service-hover\"><h4 class=\"service-title\">Climatisation et chauffage<\/h4><div style=\" background-image: url('https:\/\/automecano.ca\/wp-content\/uploads\/2021\/11\/Services-et-mecaniques-climatisation-et-chauffage.jpg');  background-repeat: no-repeat; background-size: cover; background-position: center top;\"><div class=\"carousel-services-image image-overlay\"><div class=\"carousel-services-image icon-background\"><div class=\"carousel-services-image image-icon\"style=\"background-image: url('https:\/\/automecano.ca\/wp-content\/uploads\/2020\/08\/Chauffage-et-climatisation-1.png') ;\"><\/div><\/div><\/div><\/div><\/a><p class=\"excerpt\">Pour garder un confort en tout temps, entretenez votre syst\u00e8me de chauffage et de climatisation.<a class=\"service-link\" href=\"https:\/\/automecano.ca\/fr\/services\/climatisation-et-chauffage\/\"><\/a><\/p><\/div><\/div><div class=\"carousel-item\"><div class=\"col-md-4\"><a href=\"https:\/\/automecano.ca\/fr\/services\/batterie-et-demarreur\/\"  class=\"service-hover\"><h4 class=\"service-title\">Batterie et d\u00e9marreur<\/h4><div style=\" background-image: url('https:\/\/automecano.ca\/wp-content\/uploads\/2020\/08\/Services-et-mecaniques-batterie-et-demarreur.jpg');  background-repeat: no-repeat; background-size: cover; background-position: center top;\"><div class=\"carousel-services-image image-overlay\"><div class=\"carousel-services-image icon-background\"><div class=\"carousel-services-image image-icon\"style=\"background-image: url('https:\/\/automecano.ca\/wp-content\/uploads\/2020\/08\/Batterie.png') ;\"><\/div><\/div><\/div><\/div><\/a><p class=\"excerpt\">Gardez une batterie et un d\u00e9marreur en bonne sant\u00e9 pour une auto toujours pr\u00eate \u00e0 d\u00e9marrer.\n<a class=\"service-link\" href=\"https:\/\/automecano.ca\/fr\/services\/batterie-et-demarreur\/\"><\/a><\/p><\/div><\/div><div class=\"carousel-item\"><div class=\"col-md-4\"><a href=\"https:\/\/automecano.ca\/fr\/services\/echappement-et-cataliseur\/\"  class=\"service-hover\"><h4 class=\"service-title\">\u00c9chappement et catalyseur<\/h4><div style=\" background-image: url('https:\/\/automecano.ca\/wp-content\/uploads\/2021\/11\/Echappement-et-catalyseur-1-OK.jpg');  background-repeat: no-repeat; background-size: cover; background-position: center top;\"><div class=\"carousel-services-image image-overlay\"><div class=\"carousel-services-image icon-background\"><div class=\"carousel-services-image image-icon\"style=\"background-image: url('https:\/\/automecano.ca\/wp-content\/uploads\/2020\/08\/Icones_AM_Catalyseur_echappement_Jaune-blanc10.png') ;\"><\/div><\/div><\/div><\/div><\/a><p class=\"excerpt\">Conservez un syst\u00e8me d\u2019\u00e9chappement performant et en bonne sant\u00e9 pour votre confort et l\u2019environnement.<a class=\"service-link\" href=\"https:\/\/automecano.ca\/fr\/services\/echappement-et-cataliseur\/\"><\/a><\/p><\/div><\/div><div class=\"carousel-item\"><div class=\"col-md-4\"><a href=\"https:\/\/automecano.ca\/fr\/services\/pneus-et-jantes\/\"  class=\"service-hover\"><h4 class=\"service-title\">Pneus et jantes<\/h4><div style=\" background-image: url('https:\/\/automecano.ca\/wp-content\/uploads\/2020\/08\/Services-et-mecaniques-pneus-et-jantes.jpg');  background-repeat: no-repeat; background-size: cover; background-position: center top;\"><div class=\"carousel-services-image image-overlay\"><div class=\"carousel-services-image icon-background\"><div class=\"carousel-services-image image-icon\"style=\"background-image: url('https:\/\/automecano.ca\/wp-content\/uploads\/2020\/08\/Pneus-1.png') ;\"><\/div><\/div><\/div><\/div><\/a><p class=\"excerpt\">Pour garder une adh\u00e9rence optimale en toute saison et donner du style \u00e0 votre voiture, faites confiance \u00e0 nos experts techniciens.\n<a class=\"service-link\" href=\"https:\/\/automecano.ca\/fr\/services\/pneus-et-jantes\/\"><\/a><\/p><\/div><\/div><div class=\"carousel-item\"><div class=\"col-md-4\"><a href=\"https:\/\/automecano.ca\/fr\/services\/pieces-et-accessoires\/\"  class=\"service-hover\"><h4 class=\"service-title\">Accessoires<\/h4><div style=\" background-image: url('https:\/\/automecano.ca\/wp-content\/uploads\/2021\/07\/Services-et-mecaniques-accessoires-1-2500.jpg');  background-repeat: no-repeat; background-size: cover; background-position: center top;\"><div class=\"carousel-services-image image-overlay\"><div class=\"carousel-services-image icon-background\"><div class=\"carousel-services-image image-icon\"style=\"background-image: url('https:\/\/automecano.ca\/wp-content\/uploads\/2020\/08\/accessoires.png') ;\"><\/div><\/div><\/div><\/div><\/a><p class=\"excerpt\">Ajouter \u00e0 votre auto de nouvelles pi\u00e8ces et accessoires pour optimiser votre confort et votre s\u00e9curit\u00e9.<a class=\"service-link\" href=\"https:\/\/automecano.ca\/fr\/services\/pieces-et-accessoires\/\"><\/a><\/p><\/div><\/div><div class=\"carousel-item\"><div class=\"col-md-4\"><a href=\"https:\/\/automecano.ca\/fr\/services\/antirouille\/\"  class=\"service-hover\"><h4 class=\"service-title\">Antirouille<\/h4><div style=\" background-image: url('https:\/\/automecano.ca\/wp-content\/uploads\/2021\/08\/Services-et-mecaniques-antirouille-2500.jpg');  background-repeat: no-repeat; background-size: cover; background-position: center top;\"><div class=\"carousel-services-image image-overlay\"><div class=\"carousel-services-image icon-background\"><div class=\"carousel-services-image image-icon\"style=\"background-image: url('https:\/\/automecano.ca\/wp-content\/uploads\/2021\/07\/Asset-1-1.png') ;\"><\/div><\/div><\/div><\/div><\/a><p class=\"excerpt\">Gardez votre auto \u00e0 l\u2019abri de la rouille. Voyez les techniques pour \u00e9viter la formation de corrosion.<a class=\"service-link\" href=\"https:\/\/automecano.ca\/fr\/services\/antirouille\/\"><\/a><\/p><\/div><\/div><div class=\"carousel-item\"><div class=\"col-md-4\"><a href=\"https:\/\/automecano.ca\/fr\/services\/lubrification-et-liquide-de-refrodissement\/\"  class=\"service-hover\"><h4 class=\"service-title\">Lubrification et liquide de refroidissement<\/h4><div style=\" background-image: url('https:\/\/automecano.ca\/wp-content\/uploads\/2021\/11\/Services-et-mecaniques-lubrification-et-liquide-de-refroidissment.jpg');  background-repeat: no-repeat; background-size: cover; background-position: center top;\"><div class=\"carousel-services-image image-overlay\"><div class=\"carousel-services-image icon-background\"><div class=\"carousel-services-image image-icon\"style=\"background-image: url('https:\/\/automecano.ca\/wp-content\/uploads\/2021\/07\/Lubrification.png') ;\"><\/div><\/div><\/div><\/div><\/a><p class=\"excerpt\">Pour un moteur au top de sa forme, faites v\u00e9rifier les liquides de votre moteur.<a class=\"service-link\" href=\"https:\/\/automecano.ca\/fr\/services\/lubrification-et-liquide-de-refrodissement\/\"><\/a><\/p><\/div><\/div><div class=\"carousel-item\"><div class=\"col-md-4\"><a href=\"https:\/\/automecano.ca\/fr\/services\/vehicule-electrique-et-hybride\/\"  class=\"service-hover\"><h4 class=\"service-title\">V\u00e9hicules hybrides et \u00e9lectriques<\/h4><div style=\" background-image: url('https:\/\/automecano.ca\/wp-content\/uploads\/2021\/11\/Services-et-mecaniques-vehicule-hybrides-et-electriques.jpg');  background-repeat: no-repeat; background-size: cover; background-position: center top;\"><div class=\"carousel-services-image image-overlay\"><div class=\"carousel-services-image icon-background\"><div class=\"carousel-services-image image-icon\"style=\"background-image: url('https:\/\/automecano.ca\/wp-content\/uploads\/2021\/07\/vehicule-electrique.png') ;\"><\/div><\/div><\/div><\/div><\/a><p class=\"excerpt\">Pour entretenir et r\u00e9parer votre auto \u00e9lectrique ou hybride, comptez sur nos experts techniciens.<a class=\"service-link\" href=\"https:\/\/automecano.ca\/fr\/services\/vehicule-electrique-et-hybride\/\"><\/a><\/p><\/div><\/div><div class=\"carousel-item\"><div class=\"col-md-4\"><a href=\"https:\/\/automecano.ca\/fr\/services\/voyants-lumineux\/\"  class=\"service-hover\"><h4 class=\"service-title\">Voyants lumineux<\/h4><div style=\" background-image: url('https:\/\/automecano.ca\/wp-content\/uploads\/2021\/07\/Services-et-mecaniques-analyse-des-voyants-lumineux-2500.jpg');  background-repeat: no-repeat; background-size: cover; background-position: center top;\"><div class=\"carousel-services-image image-overlay\"><div class=\"carousel-services-image icon-background\"><div class=\"carousel-services-image image-icon\"style=\"background-image: url('https:\/\/automecano.ca\/wp-content\/uploads\/2021\/07\/Voyant-lumineux.png') ;\"><\/div><\/div><\/div><\/div><\/a><p class=\"excerpt\">Comprendre les voyants lumineux de votre auto est important. Passez chez votre expert Auto M\u00e9cano si vous avez un doute.<a class=\"service-link\" href=\"https:\/\/automecano.ca\/fr\/services\/voyants-lumineux\/\"><\/a><\/p><\/div><\/div><div class=\"carousel-item\"><div class=\"col-md-4\"><a href=\"https:\/\/automecano.ca\/fr\/services\/pare-brise\/\"  class=\"service-hover\"><h4 class=\"service-title\">Pare-brise et visibilit\u00e9<\/h4><div style=\" background-image: url('https:\/\/automecano.ca\/wp-content\/uploads\/2021\/11\/Services-et-mecaniques-pare-brise.jpg');  background-repeat: no-repeat; background-size: cover; background-position: center top;\"><div class=\"carousel-services-image image-overlay\"><div class=\"carousel-services-image icon-background\"><div class=\"carousel-services-image image-icon\"style=\"background-image: url('https:\/\/automecano.ca\/wp-content\/uploads\/2021\/11\/Icones_AM_PareBrise_Jaune-blanc35.png') ;\"><\/div><\/div><\/div><\/div><\/a><p class=\"excerpt\">Pour une vigilance \u00e0 toutes \u00e9preuves, conservez un pare-brise impeccable et propre. Faites-le inspecter si des fissures apparaissent.<a class=\"service-link\" href=\"https:\/\/automecano.ca\/fr\/services\/pare-brise\/\"><\/a><\/p><\/div><\/div><\/div><\/div><a class=\"carousel-control-prev\" href=\"#carousel-services\" role=\"button\" data-slide=\"prev\"><span class=\"sr-only\">Previous<\/span><\/a><a class=\"carousel-control-next\" href=\"#carousel-services\" role=\"button\" data-slide=\"next\"><span class=\"sr-only\">Next<\/span><\/a><\/section>","protected":false},"excerpt":{"rendered":"<p>PNEUS ET JANTES Bienvenue dans l\u2019outil de recherche de pneus. Gr\u00e2ce au menu ci-dessous, retrouvez facilement le pneu correspondant \u00e0 votre automobile. Entrez la largeur, le profil et la taille de la roue, puis s\u00e9lectionnez le type de pneus que vous recherchez. Laissez-vous guider ! CHOISISSEZ VOS PNEUS JANTES, ACCESSOIRES DE PNEUS ET SERVICES CONNEXES<\/p>\n","protected":false},"author":1,"featured_media":0,"parent":0,"menu_order":0,"comment_status":"closed","ping_status":"closed","template":"","meta":{"footnotes":""},"class_list":["post-6187","page","type-page","status-publish","hentry"],"yoast_head":"<!-- This site is optimized with the Yoast SEO plugin v26.6 - https:\/\/yoast.com\/wordpress\/plugins\/seo\/ -->\n<title>Pneus - Auto M\u00e9cano<\/title>\n<meta name=\"robots\" content=\"index, follow, max-snippet:-1, max-image-preview:large, max-video-preview:-1\" \/>\n<link rel=\"canonical\" href=\"https:\/\/automecano.ca\/fr\/pneus\/\" \/>\n<meta property=\"og:locale\" content=\"fr_CA\" \/>\n<meta property=\"og:type\" content=\"article\" \/>\n<meta property=\"og:title\" content=\"Pneus - Auto M\u00e9cano\" \/>\n<meta property=\"og:description\" content=\"PNEUS ET JANTES Bienvenue dans l\u2019outil de recherche de pneus. Gr\u00e2ce au menu ci-dessous, retrouvez facilement le pneu correspondant \u00e0 votre automobile. Entrez la largeur, le profil et la taille de la roue, puis s\u00e9lectionnez le type de pneus que vous recherchez. Laissez-vous guider ! CHOISISSEZ VOS PNEUS JANTES, ACCESSOIRES DE PNEUS ET SERVICES CONNEXES\" \/>\n<meta property=\"og:url\" content=\"https:\/\/automecano.ca\/fr\/wp-json\/wp\/v2\/pages\/6187\" \/>\n<meta property=\"og:site_name\" content=\"Auto M\u00e9cano\" \/>\n<meta property=\"article:modified_time\" content=\"2024-11-07T05:07:20+00:00\" \/>\n<meta property=\"og:image\" content=\"https:\/\/automecano.ca\/wp-content\/themes\/automecano-wordpress-theme\/assets\/img\/logo-200x200.png\" \/>\n\t<meta property=\"og:image:width\" content=\"200\" \/>\n\t<meta property=\"og:image:height\" content=\"202\" \/>\n<meta name=\"twitter:card\" content=\"summary_large_image\" \/>\n<meta name=\"twitter:label1\" content=\"Est. reading time\" \/>\n\t<meta name=\"twitter:data1\" content=\"1 minute\" \/>\n<script type=\"application\/ld+json\" class=\"yoast-schema-graph\">{\"@context\":\"https:\/\/schema.org\",\"@graph\":[{\"@type\":\"WebPage\",\"@id\":\"https:\/\/automecano.ca\/fr\/pneus\/\",\"url\":\"https:\/\/automecano.ca\/fr\/pneus\/\",\"name\":\"Pneus - Auto M\u00e9cano\",\"isPartOf\":{\"@id\":\"https:\/\/automecano.ca\/#website\"},\"datePublished\":\"2020-09-10T18:00:47+00:00\",\"dateModified\":\"2024-11-07T05:07:20+00:00\",\"breadcrumb\":{\"@id\":\"https:\/\/automecano.ca\/fr\/pneus\/#breadcrumb\"},\"inLanguage\":\"fr-CA\",\"potentialAction\":[{\"@type\":\"ReadAction\",\"target\":[\"https:\/\/automecano.ca\/fr\/pneus\/\"]}]},{\"@type\":\"BreadcrumbList\",\"@id\":\"https:\/\/automecano.ca\/fr\/pneus\/#breadcrumb\",\"itemListElement\":[{\"@type\":\"ListItem\",\"position\":1,\"name\":\"Home\",\"item\":\"https:\/\/automecano.ca\/fr\/\"},{\"@type\":\"ListItem\",\"position\":2,\"name\":\"Pneus\"}]},{\"@type\":\"WebSite\",\"@id\":\"https:\/\/automecano.ca\/#website\",\"url\":\"https:\/\/automecano.ca\/\",\"name\":\"Auto M\u00e9cano\",\"description\":\"Expert Technicien\",\"potentialAction\":[{\"@type\":\"SearchAction\",\"target\":{\"@type\":\"EntryPoint\",\"urlTemplate\":\"https:\/\/automecano.ca\/?s={search_term_string}\"},\"query-input\":{\"@type\":\"PropertyValueSpecification\",\"valueRequired\":true,\"valueName\":\"search_term_string\"}}],\"inLanguage\":\"fr-CA\"}]}<\/script>\n<!-- \/ Yoast SEO plugin. -->","yoast_head_json":{"title":"Pneus - Auto M\u00e9cano","robots":{"index":"index","follow":"follow","max-snippet":"max-snippet:-1","max-image-preview":"max-image-preview:large","max-video-preview":"max-video-preview:-1"},"canonical":"https:\/\/automecano.ca\/fr\/pneus\/","og_locale":"fr_CA","og_type":"article","og_title":"Pneus - Auto M\u00e9cano","og_description":"PNEUS ET JANTES Bienvenue dans l\u2019outil de recherche de pneus. Gr\u00e2ce au menu ci-dessous, retrouvez facilement le pneu correspondant \u00e0 votre automobile. Entrez la largeur, le profil et la taille de la roue, puis s\u00e9lectionnez le type de pneus que vous recherchez. Laissez-vous guider ! CHOISISSEZ VOS PNEUS JANTES, ACCESSOIRES DE PNEUS ET SERVICES CONNEXES","og_url":"https:\/\/automecano.ca\/fr\/wp-json\/wp\/v2\/pages\/6187","og_site_name":"Auto M\u00e9cano","article_modified_time":"2024-11-07T05:07:20+00:00","og_image":[{"url":"https:\/\/automecano.ca\/wp-content\/themes\/automecano-wordpress-theme\/assets\/img\/logo-200x200.png","height":202,"width":200,"type":""}],"twitter_card":"summary_large_image","twitter_misc":{"Est. reading time":"1 minute"},"schema":{"@context":"https:\/\/schema.org","@graph":[{"@type":"WebPage","@id":"https:\/\/automecano.ca\/fr\/pneus\/","url":"https:\/\/automecano.ca\/fr\/pneus\/","name":"Pneus - Auto M\u00e9cano","isPartOf":{"@id":"https:\/\/automecano.ca\/#website"},"datePublished":"2020-09-10T18:00:47+00:00","dateModified":"2024-11-07T05:07:20+00:00","breadcrumb":{"@id":"https:\/\/automecano.ca\/fr\/pneus\/#breadcrumb"},"inLanguage":"fr-CA","potentialAction":[{"@type":"ReadAction","target":["https:\/\/automecano.ca\/fr\/pneus\/"]}]},{"@type":"BreadcrumbList","@id":"https:\/\/automecano.ca\/fr\/pneus\/#breadcrumb","itemListElement":[{"@type":"ListItem","position":1,"name":"Home","item":"https:\/\/automecano.ca\/fr\/"},{"@type":"ListItem","position":2,"name":"Pneus"}]},{"@type":"WebSite","@id":"https:\/\/automecano.ca\/#website","url":"https:\/\/automecano.ca\/","name":"Auto M\u00e9cano","description":"Expert Technicien","potentialAction":[{"@type":"SearchAction","target":{"@type":"EntryPoint","urlTemplate":"https:\/\/automecano.ca\/?s={search_term_string}"},"query-input":{"@type":"PropertyValueSpecification","valueRequired":true,"valueName":"search_term_string"}}],"inLanguage":"fr-CA"}]}},"_links":{"self":[{"href":"https:\/\/automecano.ca\/fr\/wp-json\/wp\/v2\/pages\/6187","targetHints":{"allow":["GET"]}}],"collection":[{"href":"https:\/\/automecano.ca\/fr\/wp-json\/wp\/v2\/pages"}],"about":[{"href":"https:\/\/automecano.ca\/fr\/wp-json\/wp\/v2\/types\/page"}],"author":[{"embeddable":true,"href":"https:\/\/automecano.ca\/fr\/wp-json\/wp\/v2\/users\/1"}],"replies":[{"embeddable":true,"href":"https:\/\/automecano.ca\/fr\/wp-json\/wp\/v2\/comments?post=6187"}],"version-history":[{"count":0,"href":"https:\/\/automecano.ca\/fr\/wp-json\/wp\/v2\/pages\/6187\/revisions"}],"wp:attachment":[{"href":"https:\/\/automecano.ca\/fr\/wp-json\/wp\/v2\/media?parent=6187"}],"curies":[{"name":"wp","href":"https:\/\/api.w.org\/{rel}","templated":true}]}}