{"id":6684,"date":"2020-09-22T19:58:18","date_gmt":"2020-09-22T23:58:18","guid":{"rendered":"https:\/\/mm.publipageclients.com\/?page_id=6684"},"modified":"2021-12-23T15:03:56","modified_gmt":"2021-12-23T20:03:56","slug":"cookie","status":"publish","type":"page","link":"https:\/\/automecano.ca\/fr\/cookie\/","title":{"rendered":"Cookie"},"content":{"rendered":"\n<p>L\u2019\u00e9quipe d&#8217;Auto M\u00e9cano utilise des t\u00e9moins et d\u2019autres technologies de pistage sur son site Web afin de rehausser votre exp\u00e9rience de navigation, analyser et am\u00e9liorer nos services, ainsi qu\u2019en apprendre davantage sur les informations qui vous int\u00e9ressent. <a onclick=\"save_cookie(); return false;\" href=\"#\">En naviguant sur le pr\u00e9sent site, vous acceptez l\u2019utilisation de t\u00e9moins.<\/a><\/p>\n","protected":false},"excerpt":{"rendered":"<p>L\u2019\u00e9quipe d&#8217;Auto M\u00e9cano utilise des t\u00e9moins et d\u2019autres technologies de pistage sur son site Web afin de rehausser votre exp\u00e9rience de navigation, analyser et am\u00e9liorer nos services, ainsi qu\u2019en apprendre davantage sur les informations qui vous int\u00e9ressent. En naviguant sur le pr\u00e9sent site, vous acceptez l\u2019utilisation de t\u00e9moins.<\/p>\n","protected":false},"author":1,"featured_media":0,"parent":0,"menu_order":0,"comment_status":"closed","ping_status":"closed","template":"","meta":{"footnotes":""},"class_list":["post-6684","page","type-page","status-publish","hentry"],"yoast_head":"<!-- This site is optimized with the Yoast SEO plugin v26.6 - https:\/\/yoast.com\/wordpress\/plugins\/seo\/ -->\n<title>Cookie - Auto M\u00e9cano<\/title>\n<meta name=\"robots\" content=\"index, follow, max-snippet:-1, max-image-preview:large, max-video-preview:-1\" \/>\n<link rel=\"canonical\" href=\"https:\/\/automecano.ca\/fr\/cookie\/\" \/>\n<meta property=\"og:locale\" content=\"fr_CA\" \/>\n<meta property=\"og:type\" content=\"article\" \/>\n<meta property=\"og:title\" content=\"Cookie - Auto M\u00e9cano\" \/>\n<meta property=\"og:description\" content=\"L\u2019\u00e9quipe d&#8217;Auto M\u00e9cano utilise des t\u00e9moins et d\u2019autres technologies de pistage sur son site Web afin de rehausser votre exp\u00e9rience de navigation, analyser et am\u00e9liorer nos services, ainsi qu\u2019en apprendre davantage sur les informations qui vous int\u00e9ressent. En naviguant sur le pr\u00e9sent site, vous acceptez l\u2019utilisation de t\u00e9moins.\" \/>\n<meta property=\"og:url\" content=\"https:\/\/automecano.ca\/fr\/wp-json\/wp\/v2\/pages\/6684\" \/>\n<meta property=\"og:site_name\" content=\"Auto M\u00e9cano\" \/>\n<meta property=\"article:modified_time\" content=\"2021-12-23T20:03:56+00:00\" \/>\n<meta property=\"og:image\" content=\"https:\/\/automecano.ca\/wp-content\/themes\/automecano-wordpress-theme\/assets\/img\/logo-200x200.png\" \/>\n\t<meta property=\"og:image:width\" content=\"200\" \/>\n\t<meta property=\"og:image:height\" content=\"202\" \/>\n<meta name=\"twitter:card\" content=\"summary_large_image\" \/>\n<script type=\"application\/ld+json\" class=\"yoast-schema-graph\">{\"@context\":\"https:\/\/schema.org\",\"@graph\":[{\"@type\":\"WebPage\",\"@id\":\"https:\/\/automecano.ca\/fr\/cookie\/\",\"url\":\"https:\/\/automecano.ca\/fr\/cookie\/\",\"name\":\"Cookie - Auto M\u00e9cano\",\"isPartOf\":{\"@id\":\"https:\/\/automecano.ca\/#website\"},\"datePublished\":\"2020-09-22T23:58:18+00:00\",\"dateModified\":\"2021-12-23T20:03:56+00:00\",\"breadcrumb\":{\"@id\":\"https:\/\/automecano.ca\/fr\/cookie\/#breadcrumb\"},\"inLanguage\":\"fr-CA\",\"potentialAction\":[{\"@type\":\"ReadAction\",\"target\":[\"https:\/\/automecano.ca\/fr\/cookie\/\"]}]},{\"@type\":\"BreadcrumbList\",\"@id\":\"https:\/\/automecano.ca\/fr\/cookie\/#breadcrumb\",\"itemListElement\":[{\"@type\":\"ListItem\",\"position\":1,\"name\":\"Home\",\"item\":\"https:\/\/automecano.ca\/fr\/\"},{\"@type\":\"ListItem\",\"position\":2,\"name\":\"Cookie\"}]},{\"@type\":\"WebSite\",\"@id\":\"https:\/\/automecano.ca\/#website\",\"url\":\"https:\/\/automecano.ca\/\",\"name\":\"Auto M\u00e9cano\",\"description\":\"Expert Technicien\",\"potentialAction\":[{\"@type\":\"SearchAction\",\"target\":{\"@type\":\"EntryPoint\",\"urlTemplate\":\"https:\/\/automecano.ca\/?s={search_term_string}\"},\"query-input\":{\"@type\":\"PropertyValueSpecification\",\"valueRequired\":true,\"valueName\":\"search_term_string\"}}],\"inLanguage\":\"fr-CA\"}]}<\/script>\n<!-- \/ Yoast SEO plugin. -->","yoast_head_json":{"title":"Cookie - Auto M\u00e9cano","robots":{"index":"index","follow":"follow","max-snippet":"max-snippet:-1","max-image-preview":"max-image-preview:large","max-video-preview":"max-video-preview:-1"},"canonical":"https:\/\/automecano.ca\/fr\/cookie\/","og_locale":"fr_CA","og_type":"article","og_title":"Cookie - Auto M\u00e9cano","og_description":"L\u2019\u00e9quipe d&#8217;Auto M\u00e9cano utilise des t\u00e9moins et d\u2019autres technologies de pistage sur son site Web afin de rehausser votre exp\u00e9rience de navigation, analyser et am\u00e9liorer nos services, ainsi qu\u2019en apprendre davantage sur les informations qui vous int\u00e9ressent. En naviguant sur le pr\u00e9sent site, vous acceptez l\u2019utilisation de t\u00e9moins.","og_url":"https:\/\/automecano.ca\/fr\/wp-json\/wp\/v2\/pages\/6684","og_site_name":"Auto M\u00e9cano","article_modified_time":"2021-12-23T20:03:56+00:00","og_image":[{"url":"https:\/\/automecano.ca\/wp-content\/themes\/automecano-wordpress-theme\/assets\/img\/logo-200x200.png","height":202,"width":200,"type":""}],"twitter_card":"summary_large_image","schema":{"@context":"https:\/\/schema.org","@graph":[{"@type":"WebPage","@id":"https:\/\/automecano.ca\/fr\/cookie\/","url":"https:\/\/automecano.ca\/fr\/cookie\/","name":"Cookie - Auto M\u00e9cano","isPartOf":{"@id":"https:\/\/automecano.ca\/#website"},"datePublished":"2020-09-22T23:58:18+00:00","dateModified":"2021-12-23T20:03:56+00:00","breadcrumb":{"@id":"https:\/\/automecano.ca\/fr\/cookie\/#breadcrumb"},"inLanguage":"fr-CA","potentialAction":[{"@type":"ReadAction","target":["https:\/\/automecano.ca\/fr\/cookie\/"]}]},{"@type":"BreadcrumbList","@id":"https:\/\/automecano.ca\/fr\/cookie\/#breadcrumb","itemListElement":[{"@type":"ListItem","position":1,"name":"Home","item":"https:\/\/automecano.ca\/fr\/"},{"@type":"ListItem","position":2,"name":"Cookie"}]},{"@type":"WebSite","@id":"https:\/\/automecano.ca\/#website","url":"https:\/\/automecano.ca\/","name":"Auto M\u00e9cano","description":"Expert Technicien","potentialAction":[{"@type":"SearchAction","target":{"@type":"EntryPoint","urlTemplate":"https:\/\/automecano.ca\/?s={search_term_string}"},"query-input":{"@type":"PropertyValueSpecification","valueRequired":true,"valueName":"search_term_string"}}],"inLanguage":"fr-CA"}]}},"_links":{"self":[{"href":"https:\/\/automecano.ca\/fr\/wp-json\/wp\/v2\/pages\/6684","targetHints":{"allow":["GET"]}}],"collection":[{"href":"https:\/\/automecano.ca\/fr\/wp-json\/wp\/v2\/pages"}],"about":[{"href":"https:\/\/automecano.ca\/fr\/wp-json\/wp\/v2\/types\/page"}],"author":[{"embeddable":true,"href":"https:\/\/automecano.ca\/fr\/wp-json\/wp\/v2\/users\/1"}],"replies":[{"embeddable":true,"href":"https:\/\/automecano.ca\/fr\/wp-json\/wp\/v2\/comments?post=6684"}],"version-history":[{"count":0,"href":"https:\/\/automecano.ca\/fr\/wp-json\/wp\/v2\/pages\/6684\/revisions"}],"wp:attachment":[{"href":"https:\/\/automecano.ca\/fr\/wp-json\/wp\/v2\/media?parent=6684"}],"curies":[{"name":"wp","href":"https:\/\/api.w.org\/{rel}","templated":true}]}}