{"id":6990,"date":"2020-09-25T04:58:40","date_gmt":"2020-09-25T08:58:40","guid":{"rendered":"https:\/\/mm.publipageclients.com\/newsletter\/"},"modified":"2021-12-08T10:18:05","modified_gmt":"2021-12-08T15:18:05","slug":"infolettre","status":"publish","type":"page","link":"https:\/\/automecano.ca\/fr\/infolettre\/","title":{"rendered":"Infolettre"},"content":{"rendered":"\n<h1 class=\"wp-block-cgb-block-monsieurmuffler-title is-blue column-aligned-title is-style-thiner-with-line no-yellow-line\">Infolettre<\/h1>\n\n\n\n<div class=\"wp-block-group newsletter-group has-white-background-color has-background\"><div class=\"wp-block-group__inner-container is-layout-flow wp-block-group-is-layout-flow\">\n<div class=\"wp-block-cgb-block-monsieurmuffler-box-title-button box\"><div class=\"row\"><div class=\"col-md-6 vcenter\"><h2><br>Restez aux aguets, et inscrivez-vous \u00e0 notre infolettre pour connaitre quand seront nos concours, nos promotions et obtenir des conseils pour offrir \u00e0 votre v\u00e9hicule l\u2019entretien qu\u2019il m\u00e9rite.<br><\/h2><\/div><div class=\"col-md-6 vcenter text-right\"><span class=\"cta\"><\/span><\/div><div class=\"col-md-12\"><hr class=\"yellow\"\/><\/div><\/div><\/div>\n\n\n<script type=\"text\/javascript\">\n\/* <![CDATA[ *\/\nvar gform;gform||(document.addEventListener(\"gform_main_scripts_loaded\",function(){gform.scriptsLoaded=!0}),document.addEventListener(\"gform\/theme\/scripts_loaded\",function(){gform.themeScriptsLoaded=!0}),window.addEventListener(\"DOMContentLoaded\",function(){gform.domLoaded=!0}),gform={domLoaded:!1,scriptsLoaded:!1,themeScriptsLoaded:!1,isFormEditor:()=>\"function\"==typeof InitializeEditor,callIfLoaded:function(o){return!(!gform.domLoaded||!gform.scriptsLoaded||!gform.themeScriptsLoaded&&!gform.isFormEditor()||(gform.isFormEditor()&&console.warn(\"The use of gform.initializeOnLoaded() is deprecated in the form editor context and will be removed in Gravity Forms 3.1.\"),o(),0))},initializeOnLoaded:function(o){gform.callIfLoaded(o)||(document.addEventListener(\"gform_main_scripts_loaded\",()=>{gform.scriptsLoaded=!0,gform.callIfLoaded(o)}),document.addEventListener(\"gform\/theme\/scripts_loaded\",()=>{gform.themeScriptsLoaded=!0,gform.callIfLoaded(o)}),window.addEventListener(\"DOMContentLoaded\",()=>{gform.domLoaded=!0,gform.callIfLoaded(o)}))},hooks:{action:{},filter:{}},addAction:function(o,r,e,t){gform.addHook(\"action\",o,r,e,t)},addFilter:function(o,r,e,t){gform.addHook(\"filter\",o,r,e,t)},doAction:function(o){gform.doHook(\"action\",o,arguments)},applyFilters:function(o){return gform.doHook(\"filter\",o,arguments)},removeAction:function(o,r){gform.removeHook(\"action\",o,r)},removeFilter:function(o,r,e){gform.removeHook(\"filter\",o,r,e)},addHook:function(o,r,e,t,n){null==gform.hooks[o][r]&&(gform.hooks[o][r]=[]);var d=gform.hooks[o][r];null==n&&(n=r+\"_\"+d.length),gform.hooks[o][r].push({tag:n,callable:e,priority:t=null==t?10:t})},doHook:function(r,o,e){var t;if(e=Array.prototype.slice.call(e,1),null!=gform.hooks[r][o]&&((o=gform.hooks[r][o]).sort(function(o,r){return o.priority-r.priority}),o.forEach(function(o){\"function\"!=typeof(t=o.callable)&&(t=window[t]),\"action\"==r?t.apply(null,e):e[0]=t.apply(null,e)})),\"filter\"==r)return e[0]},removeHook:function(o,r,t,n){var e;null!=gform.hooks[o][r]&&(e=(e=gform.hooks[o][r]).filter(function(o,r,e){return!!(null!=n&&n!=o.tag||null!=t&&t!=o.priority)}),gform.hooks[o][r]=e)}});\n\/* ]]> *\/\n<\/script>\n\n                <div class='gf_browser_gecko gform_wrapper gform_legacy_markup_wrapper gform-theme--no-framework' data-form-theme='legacy' data-form-index='0' id='gform_wrapper_15' ><form method='post' enctype='multipart\/form-data'  id='gform_15'  action='\/fr\/wp-json\/wp\/v2\/pages\/6990' data-formid='15' novalidate>\t\t\t\t\t<div style=\"display: none !important;\" class=\"akismet-fields-container gf_invisible\" data-prefix=\"ak_\">\n\t\t\t\t\t\t<label>&#916;<textarea name=\"ak_hp_textarea\" cols=\"45\" rows=\"8\" maxlength=\"100\"><\/textarea><\/label>\n\t\t\t\t\t\t<input type=\"hidden\" id=\"ak_js_1\" name=\"ak_js\" value=\"157\" \/>\n\t\t\t\t\t\t<script type=\"text\/javascript\">\n\/* <![CDATA[ *\/\ndocument.getElementById( \"ak_js_1\" ).setAttribute( \"value\", ( new Date() ).getTime() );\n\/* ]]> *\/\n<\/script>\n\n\t\t\t\t\t<\/div>\n                        <div class='gform-body gform_body'><ul id='gform_fields_15' class='gform_fields top_label form_sublabel_below description_below validation_below'><li id=\"field_15_7\" class=\"gfield gfield--type-honeypot gform_validation_container field_sublabel_below gfield--has-description field_description_below field_validation_below gfield_visibility_visible\"  ><label class='gfield_label gform-field-label' for='input_15_7'>URL<\/label><div class='ginput_container'><input name='input_7' id='input_15_7' type='text' value='' autocomplete='new-password'\/><\/div><div class='gfield_description' id='gfield_description_15_7'>This field is for validation purposes and should be left unchanged.<\/div><\/li><li id=\"field_15_1\" class=\"gfield gfield--type-text gfield--input-type-text gf_left_half gfield_contains_required field_sublabel_below gfield--no-description field_description_below hidden_label field_validation_below gfield_visibility_visible\"  ><label class='gfield_label gform-field-label' for='input_15_1'>First name<span class=\"gfield_required\"><span class=\"gfield_required gfield_required_asterisk\">*<\/span><\/span><\/label><div class='ginput_container ginput_container_text'><input name='input_1' id='input_15_1' type='text' value='' class='medium'    placeholder='Pr\u00e9nom*' aria-required=\"true\" aria-invalid=\"false\"   \/><\/div><\/li><li id=\"field_15_2\" class=\"gfield gfield--type-text gfield--input-type-text gf_right_half gfield_contains_required field_sublabel_below gfield--no-description field_description_below hidden_label field_validation_below gfield_visibility_visible\"  ><label class='gfield_label gform-field-label' for='input_15_2'>Last name<span class=\"gfield_required\"><span class=\"gfield_required gfield_required_asterisk\">*<\/span><\/span><\/label><div class='ginput_container ginput_container_text'><input name='input_2' id='input_15_2' type='text' value='' class='medium'    placeholder='Nom*' aria-required=\"true\" aria-invalid=\"false\"   \/><\/div><\/li><li id=\"field_15_3\" class=\"gfield gfield--type-text gfield--input-type-text gfield_contains_required field_sublabel_below gfield--no-description field_description_below hidden_label field_validation_below gfield_visibility_visible\"  ><label class='gfield_label gform-field-label' for='input_15_3'>Email<span class=\"gfield_required\"><span class=\"gfield_required gfield_required_asterisk\">*<\/span><\/span><\/label><div class='ginput_container ginput_container_text'><input name='input_3' id='input_15_3' type='text' value='' class='large'    placeholder='Courriel*' aria-required=\"true\" aria-invalid=\"false\"   \/><\/div><\/li><li id=\"field_15_6\" class=\"gfield gfield--type-radio gfield--type-choice gfield--input-type-radio gfield--width-full gfield_contains_required field_sublabel_below gfield--no-description field_description_below hidden_label field_validation_below gfield_visibility_visible\"  ><label class='gfield_label gform-field-label' >Langue<span class=\"gfield_required\"><span class=\"gfield_required gfield_required_asterisk\">*<\/span><\/span><\/label><div class='ginput_container ginput_container_radio'><ul class='gfield_radio' id='input_15_6'>\n\t\t\t<li class='gchoice gchoice_15_6_0'>\n\t\t\t\t<input name='input_6' type='radio' value='Fran\u00e7ais \/ French' checked='checked' id='choice_15_6_0'    \/>\n\t\t\t\t<label for='choice_15_6_0' id='label_15_6_0' class='gform-field-label gform-field-label--type-inline'>Fran\u00e7ais \/ French<\/label>\n\t\t\t<\/li>\n\t\t\t<li class='gchoice gchoice_15_6_1'>\n\t\t\t\t<input name='input_6' type='radio' value='English \/ Anglais'  id='choice_15_6_1'    \/>\n\t\t\t\t<label for='choice_15_6_1' id='label_15_6_1' class='gform-field-label gform-field-label--type-inline'>English \/ Anglais<\/label>\n\t\t\t<\/li><\/ul><\/div><\/li><li id=\"field_15_4\" class=\"gfield gfield--type-checkbox gfield--type-choice gfield--input-type-checkbox radio-like-checkbox gf_left_half gfield_contains_required field_sublabel_below gfield--no-description field_description_below hidden_label field_validation_below gfield_visibility_visible\"  ><label class='gfield_label gform-field-label gfield_label_before_complex' >Type<span class=\"gfield_required\"><span class=\"gfield_required gfield_required_asterisk\">*<\/span><\/span><\/label><div class='ginput_container ginput_container_checkbox'><ul class='gfield_checkbox' id='input_15_4'><li class='gchoice gchoice_15_4_1'>\n\t\t\t\t\t\t\t\t<input class='gfield-choice-input' name='input_4.1' type='checkbox'  value='Promotions'  id='choice_15_4_1'   \/>\n\t\t\t\t\t\t\t\t<label for='choice_15_4_1' id='label_15_4_1' class='gform-field-label gform-field-label--type-inline'>Promotions<\/label>\n\t\t\t\t\t\t\t<\/li><li class='gchoice gchoice_15_4_2'>\n\t\t\t\t\t\t\t\t<input class='gfield-choice-input' name='input_4.2' type='checkbox'  value='Entretiens automobiles'  id='choice_15_4_2'   \/>\n\t\t\t\t\t\t\t\t<label for='choice_15_4_2' id='label_15_4_2' class='gform-field-label gform-field-label--type-inline'>Entretiens automobiles<\/label>\n\t\t\t\t\t\t\t<\/li><li class='gchoice gchoice_15_4_3'>\n\t\t\t\t\t\t\t\t<input class='gfield-choice-input' name='input_4.3' type='checkbox'  value='Nouveaut\u00e9s'  id='choice_15_4_3'   \/>\n\t\t\t\t\t\t\t\t<label for='choice_15_4_3' id='label_15_4_3' class='gform-field-label gform-field-label--type-inline'>Nouveaut\u00e9s<\/label>\n\t\t\t\t\t\t\t<\/li><\/ul><\/div><\/li><li id=\"field_15_5\" class=\"gfield gfield--type-captcha gfield--input-type-captcha gf_right_half field_sublabel_below gfield--no-description field_description_below hidden_label field_validation_below gfield_visibility_visible\"  ><label class='gfield_label gform-field-label' for='input_15_5'>CAPTCHA<\/label><div id='input_15_5' class='ginput_container ginput_recaptcha' data-sitekey='6LeZH8MdAAAAALnZiUy3qdymvqKwopmgFPQn444k'  data-theme='light' data-tabindex='0'  data-badge=''><\/div><\/li><\/ul><\/div>\n        <div class='gform-footer gform_footer top_label'> <button type=\"submit\" id=\"gform_submit_button_15\" class=\"gform_button button\" onclick=\"gform.submission.handleButtonClick(this);\" data-submission-type=\"submit\">Soumettre<\/button> \n            <input type='hidden' class='gform_hidden' name='gform_submission_method' data-js='gform_submission_method_15' value='postback' \/>\n            <input type='hidden' class='gform_hidden' name='gform_theme' data-js='gform_theme_15' id='gform_theme_15' value='legacy' \/>\n            <input type='hidden' class='gform_hidden' name='gform_style_settings' data-js='gform_style_settings_15' id='gform_style_settings_15' value='[]' \/>\n            <input type='hidden' class='gform_hidden' name='is_submit_15' value='1' \/>\n            <input type='hidden' class='gform_hidden' name='gform_submit' value='15' \/>\n            \n            <input type='hidden' class='gform_hidden' name='gform_currency' data-currency='CAD' value='EFxVrUVeEThkaaPXy\/IQOObxglT30XXcwWgVPH2yoBhicV3YsRgWhpfw78RjefyUofT7V+PXy8FIecP0RvNFl5b\/FvBKsZf2pvJwDYWRmg0auIU=' \/>\n            <input type='hidden' class='gform_hidden' name='gform_unique_id' value='' \/>\n            <input type='hidden' class='gform_hidden' name='state_15' value='WyJ7XCI2XCI6W1wiZGY1NzRkYTliOGQ2MmNkOGI0NjY1NGM0Y2ZkMWUyNzlcIixcImQ2YmRlZjNlZDE3MmZmMWZjZTJlZTIyOThiY2ViZTMzXCJdfSIsIjY2ODNhNjE2YzZkMjFlNWQzNTE4MTE2MmUxNzEzMThhIl0=' \/>\n            <input type='hidden' autocomplete='off' class='gform_hidden' name='gform_target_page_number_15' id='gform_target_page_number_15' value='0' \/>\n            <input type='hidden' autocomplete='off' class='gform_hidden' name='gform_source_page_number_15' id='gform_source_page_number_15' value='1' \/>\n            <input type='hidden' name='gform_field_values' value='' \/>\n            \n        <\/div>\n                        <\/form>\n                        <\/div><script type=\"text\/javascript\">\n\/* <![CDATA[ *\/\n gform.initializeOnLoaded( function() {gformInitSpinner( 15, 'https:\/\/automecano.ca\/wp-content\/plugins\/gravityforms\/images\/spinner.svg', true );jQuery('#gform_ajax_frame_15').on('load',function(){var contents = jQuery(this).contents().find('*').html();var is_postback = contents.indexOf('GF_AJAX_POSTBACK') >= 0;if(!is_postback){return;}var form_content = jQuery(this).contents().find('#gform_wrapper_15');var is_confirmation = jQuery(this).contents().find('#gform_confirmation_wrapper_15').length > 0;var is_redirect = contents.indexOf('gformRedirect(){') >= 0;var is_form = form_content.length > 0 && ! is_redirect && ! is_confirmation;var mt = parseInt(jQuery('html').css('margin-top'), 10) + parseInt(jQuery('body').css('margin-top'), 10) + 100;if(is_form){jQuery('#gform_wrapper_15').html(form_content.html());if(form_content.hasClass('gform_validation_error')){jQuery('#gform_wrapper_15').addClass('gform_validation_error');} else {jQuery('#gform_wrapper_15').removeClass('gform_validation_error');}setTimeout( function() { \/* delay the scroll by 50 milliseconds to fix a bug in chrome *\/  }, 50 );if(window['gformInitDatepicker']) {gformInitDatepicker();}if(window['gformInitPriceFields']) {gformInitPriceFields();}var current_page = jQuery('#gform_source_page_number_15').val();gformInitSpinner( 15, 'https:\/\/automecano.ca\/wp-content\/plugins\/gravityforms\/images\/spinner.svg', true );jQuery(document).trigger('gform_page_loaded', [15, current_page]);window['gf_submitting_15'] = false;}else if(!is_redirect){var confirmation_content = jQuery(this).contents().find('.GF_AJAX_POSTBACK').html();if(!confirmation_content){confirmation_content = contents;}jQuery('#gform_wrapper_15').replaceWith(confirmation_content);jQuery(document).trigger('gform_confirmation_loaded', [15]);window['gf_submitting_15'] = false;wp.a11y.speak(jQuery('#gform_confirmation_message_15').text());}else{jQuery('#gform_15').append(contents);if(window['gformRedirect']) {gformRedirect();}}jQuery(document).trigger(\"gform_pre_post_render\", [{ formId: \"15\", currentPage: \"current_page\", abort: function() { this.preventDefault(); } }]);        if (event && event.defaultPrevented) {                return;        }        const gformWrapperDiv = document.getElementById( \"gform_wrapper_15\" );        if ( gformWrapperDiv ) {            const visibilitySpan = document.createElement( \"span\" );            visibilitySpan.id = \"gform_visibility_test_15\";            gformWrapperDiv.insertAdjacentElement( \"afterend\", visibilitySpan );        }        const visibilityTestDiv = document.getElementById( \"gform_visibility_test_15\" );        let postRenderFired = false;        function triggerPostRender() {            if ( postRenderFired ) {                return;            }            postRenderFired = true;            gform.core.triggerPostRenderEvents( 15, current_page );            if ( visibilityTestDiv ) {                visibilityTestDiv.parentNode.removeChild( visibilityTestDiv );            }        }        function debounce( func, wait, immediate ) {            var timeout;            return function() {                var context = this, args = arguments;                var later = function() {                    timeout = null;                    if ( !immediate ) func.apply( context, args );                };                var callNow = immediate && !timeout;                clearTimeout( timeout );                timeout = setTimeout( later, wait );                if ( callNow ) func.apply( context, args );            };        }        const debouncedTriggerPostRender = debounce( function() {            triggerPostRender();        }, 200 );        if ( visibilityTestDiv && visibilityTestDiv.offsetParent === null ) {            const observer = new MutationObserver( ( mutations ) => {                mutations.forEach( ( mutation ) => {                    if ( mutation.type === 'attributes' && visibilityTestDiv.offsetParent !== null ) {                        debouncedTriggerPostRender();                        observer.disconnect();                    }                });            });            observer.observe( document.body, {                attributes: true,                childList: false,                subtree: true,                attributeFilter: [ 'style', 'class' ],            });        } else {            triggerPostRender();        }    } );} ); \n\/* ]]> *\/\n<\/script>\n<\/div><\/div>\n\n\n\n<p><\/p>\n","protected":false},"excerpt":{"rendered":"","protected":false},"author":1,"featured_media":0,"parent":0,"menu_order":0,"comment_status":"closed","ping_status":"closed","template":"","meta":{"footnotes":""},"class_list":["post-6990","page","type-page","status-publish","hentry"],"yoast_head":"<!-- This site is optimized with the Yoast SEO plugin v26.6 - https:\/\/yoast.com\/wordpress\/plugins\/seo\/ -->\n<title>Infolettre - Auto M\u00e9cano<\/title>\n<meta name=\"robots\" content=\"index, follow, max-snippet:-1, max-image-preview:large, max-video-preview:-1\" \/>\n<link rel=\"canonical\" href=\"https:\/\/automecano.ca\/fr\/infolettre\/\" \/>\n<meta property=\"og:locale\" content=\"fr_CA\" \/>\n<meta property=\"og:type\" content=\"article\" \/>\n<meta property=\"og:title\" content=\"Infolettre - Auto M\u00e9cano\" \/>\n<meta property=\"og:url\" content=\"https:\/\/automecano.ca\/fr\/wp-json\/wp\/v2\/pages\/6990\" \/>\n<meta property=\"og:site_name\" content=\"Auto M\u00e9cano\" \/>\n<meta property=\"article:modified_time\" content=\"2021-12-08T15:18:05+00:00\" \/>\n<meta property=\"og:image\" content=\"https:\/\/automecano.ca\/wp-content\/themes\/automecano-wordpress-theme\/assets\/img\/logo-200x200.png\" \/>\n\t<meta property=\"og:image:width\" content=\"200\" \/>\n\t<meta property=\"og:image:height\" content=\"202\" \/>\n<meta name=\"twitter:card\" content=\"summary_large_image\" \/>\n<script type=\"application\/ld+json\" class=\"yoast-schema-graph\">{\"@context\":\"https:\/\/schema.org\",\"@graph\":[{\"@type\":\"WebPage\",\"@id\":\"https:\/\/automecano.ca\/fr\/infolettre\/\",\"url\":\"https:\/\/automecano.ca\/fr\/infolettre\/\",\"name\":\"Infolettre - Auto M\u00e9cano\",\"isPartOf\":{\"@id\":\"https:\/\/automecano.ca\/#website\"},\"datePublished\":\"2020-09-25T08:58:40+00:00\",\"dateModified\":\"2021-12-08T15:18:05+00:00\",\"breadcrumb\":{\"@id\":\"https:\/\/automecano.ca\/fr\/infolettre\/#breadcrumb\"},\"inLanguage\":\"fr-CA\",\"potentialAction\":[{\"@type\":\"ReadAction\",\"target\":[\"https:\/\/automecano.ca\/fr\/infolettre\/\"]}]},{\"@type\":\"BreadcrumbList\",\"@id\":\"https:\/\/automecano.ca\/fr\/infolettre\/#breadcrumb\",\"itemListElement\":[{\"@type\":\"ListItem\",\"position\":1,\"name\":\"Home\",\"item\":\"https:\/\/automecano.ca\/fr\/\"},{\"@type\":\"ListItem\",\"position\":2,\"name\":\"Infolettre\"}]},{\"@type\":\"WebSite\",\"@id\":\"https:\/\/automecano.ca\/#website\",\"url\":\"https:\/\/automecano.ca\/\",\"name\":\"Auto M\u00e9cano\",\"description\":\"Expert Technicien\",\"potentialAction\":[{\"@type\":\"SearchAction\",\"target\":{\"@type\":\"EntryPoint\",\"urlTemplate\":\"https:\/\/automecano.ca\/?s={search_term_string}\"},\"query-input\":{\"@type\":\"PropertyValueSpecification\",\"valueRequired\":true,\"valueName\":\"search_term_string\"}}],\"inLanguage\":\"fr-CA\"}]}<\/script>\n<!-- \/ Yoast SEO plugin. -->","yoast_head_json":{"title":"Infolettre - Auto M\u00e9cano","robots":{"index":"index","follow":"follow","max-snippet":"max-snippet:-1","max-image-preview":"max-image-preview:large","max-video-preview":"max-video-preview:-1"},"canonical":"https:\/\/automecano.ca\/fr\/infolettre\/","og_locale":"fr_CA","og_type":"article","og_title":"Infolettre - Auto M\u00e9cano","og_url":"https:\/\/automecano.ca\/fr\/wp-json\/wp\/v2\/pages\/6990","og_site_name":"Auto M\u00e9cano","article_modified_time":"2021-12-08T15:18:05+00:00","og_image":[{"url":"https:\/\/automecano.ca\/wp-content\/themes\/automecano-wordpress-theme\/assets\/img\/logo-200x200.png","height":202,"width":200,"type":""}],"twitter_card":"summary_large_image","schema":{"@context":"https:\/\/schema.org","@graph":[{"@type":"WebPage","@id":"https:\/\/automecano.ca\/fr\/infolettre\/","url":"https:\/\/automecano.ca\/fr\/infolettre\/","name":"Infolettre - Auto M\u00e9cano","isPartOf":{"@id":"https:\/\/automecano.ca\/#website"},"datePublished":"2020-09-25T08:58:40+00:00","dateModified":"2021-12-08T15:18:05+00:00","breadcrumb":{"@id":"https:\/\/automecano.ca\/fr\/infolettre\/#breadcrumb"},"inLanguage":"fr-CA","potentialAction":[{"@type":"ReadAction","target":["https:\/\/automecano.ca\/fr\/infolettre\/"]}]},{"@type":"BreadcrumbList","@id":"https:\/\/automecano.ca\/fr\/infolettre\/#breadcrumb","itemListElement":[{"@type":"ListItem","position":1,"name":"Home","item":"https:\/\/automecano.ca\/fr\/"},{"@type":"ListItem","position":2,"name":"Infolettre"}]},{"@type":"WebSite","@id":"https:\/\/automecano.ca\/#website","url":"https:\/\/automecano.ca\/","name":"Auto M\u00e9cano","description":"Expert Technicien","potentialAction":[{"@type":"SearchAction","target":{"@type":"EntryPoint","urlTemplate":"https:\/\/automecano.ca\/?s={search_term_string}"},"query-input":{"@type":"PropertyValueSpecification","valueRequired":true,"valueName":"search_term_string"}}],"inLanguage":"fr-CA"}]}},"_links":{"self":[{"href":"https:\/\/automecano.ca\/fr\/wp-json\/wp\/v2\/pages\/6990","targetHints":{"allow":["GET"]}}],"collection":[{"href":"https:\/\/automecano.ca\/fr\/wp-json\/wp\/v2\/pages"}],"about":[{"href":"https:\/\/automecano.ca\/fr\/wp-json\/wp\/v2\/types\/page"}],"author":[{"embeddable":true,"href":"https:\/\/automecano.ca\/fr\/wp-json\/wp\/v2\/users\/1"}],"replies":[{"embeddable":true,"href":"https:\/\/automecano.ca\/fr\/wp-json\/wp\/v2\/comments?post=6990"}],"version-history":[{"count":0,"href":"https:\/\/automecano.ca\/fr\/wp-json\/wp\/v2\/pages\/6990\/revisions"}],"wp:attachment":[{"href":"https:\/\/automecano.ca\/fr\/wp-json\/wp\/v2\/media?parent=6990"}],"curies":[{"name":"wp","href":"https:\/\/api.w.org\/{rel}","templated":true}]}}