{"id":7591,"date":"2021-07-05T13:30:14","date_gmt":"2021-07-05T17:30:14","guid":{"rendered":"https:\/\/octo.publipageclients.com\/?page_id=7591"},"modified":"2024-05-27T16:46:24","modified_gmt":"2024-05-27T20:46:24","slug":"garantie-sans-tracas","status":"publish","type":"page","link":"https:\/\/automecano.ca\/fr\/garantie-sans-tracas\/","title":{"rendered":"Garanties &#8211; SANS TRACAS"},"content":{"rendered":"\n<h1 class=\"wp-block-heading warrantie-padding\">GARANTIES ET ASSISTANCE<\/h1>\n\n\n\n<p class=\"warrantie-padding\">Peu importe le v\u00e9hicule, ancien ou r\u00e9cent, il n\u00e9cessite des entretiens r\u00e9guliers afin de fonctionner de mani\u00e8re optimale. Toutefois, nul n\u2019est \u00e0 l\u2019abri de probl\u00e8mes m\u00e9caniques ou techniques. Notre programme de Garantie Sans Tracas et l\u2019assistance routi\u00e8re sont l\u00e0 pour vous aider \u00e0 rouler l\u2019esprit tranquille.<br><br>Demandez \u00e0 votre atelier m\u00e9canique s&#8217;il offre ces programmes ! *\n\n\n\n<p style=\"font-size:12px;\">* Sans Tracas et l&#8217;assistance routi\u00e8re sont des programmes optionnels. Ils pourraient ne pas \u00eatre offerts dans tous les ateliers Auto M\u00e9cano de Qu\u00e9bec.<\/p>\n\n\n\n<div class=\"wp-block-columns is-layout-flex wp-container-core-columns-is-layout-643ced6b wp-block-columns-is-layout-flex\">\n<div class=\"wp-block-column warranties is-layout-flow wp-block-column-is-layout-flow\" style=\"flex-basis:30%\">\n<p class=\"warrantie-padding\"><strong><a href=\"https:\/\/automecano.ca\/fr\/garantie-sans-tracas\/\">Garantie Sans Tracas<\/a><\/strong><\/p>\n\n\n\n<p class=\"warrantie-padding\"><a href=\"https:\/\/automecano.ca\/fr\/assistance-routiere\/\">Assistance routi\u00e8re<\/a><\/p>\n\n\n\n<div style=\"height:50px\" aria-hidden=\"true\" class=\"wp-block-spacer\"><\/div>\n\n\n<div class=\"favorite-location-block\" data-block-id=\"1\">\n<div id=\"lt-vertical-widget\" class=\"\">\n    <div class=\"box\">\n        <div class=\"row\">\n        <div class=\"col-md-12 vcenter\">\n            <h2 class=\"locationName\">\n            VOTRE ATELIER LE PLUS PR\u00c8S\n            <\/h2>\n        <\/div>\n        <div class=\"col-md-12\">\n            <hr class=\"yellow\">\n        <\/div>\n        <div class=\"col-md-12 store\">\n            <a class=\"changeStoreCta\" href=\"https:\/\/automecano.ca\/fr\/ateliers\/\">\n            CHANGER D\u2019ATELIER\n            <\/a>\n            <h3 class=\"locationNameHeading\">450-M\u00e9canique Auto M\u00e9cano<\/h3>\n            <p class=\"mb-10\">1556 Jean Lachaine<\/p>\n            <p class=\"mb-10\">Sainte-Catherine (QC) J5L 1C2<\/p>\n            <div class=\"locationPhoneNumber\">\n            <a href=\"tel:(450) 684-0315\">(450) 684-0315<\/a>\n            <\/div>\n            <div class=\"smartSchedule\"><div class=\"lsl-schedule\"><div class='day'><span class='week-day'>dimanche<\/span><div class='time'><span class=\"time-slot closed\">ferm\u00e9<\/span><\/div><\/div><div class='day'><span class='week-day'>lundi<\/span><div class='time'><span class=\"time-slot\">07:00 &#8211; 19:00<\/span><br><\/div><\/div><div class='day'><span class='week-day'>mardi<\/span><div class='time'><span class=\"time-slot\">07:00 &#8211; 19:00<\/span><br><\/div><\/div><div class='day'><span class='week-day'>mercredi<\/span><div class='time'><span class=\"time-slot\">07:00 &#8211; 19:00<\/span><br><\/div><\/div><div class='day'><span class='week-day'>jeudi<\/span><div class='time'><span class=\"time-slot\">07:00 &#8211; 19:00<\/span><br><\/div><\/div><div class='day'><span class='week-day'>vendredi<\/span><div class='time'><span class=\"time-slot closed\">ferm\u00e9<\/span><\/div><\/div><div class='day'><span class='week-day'>samedi<\/span><div class='time'><span class=\"time-slot closed\">ferm\u00e9<\/span><\/div><\/div><\/div><\/div>\n            <div class=\"cta\">\n            <a href=\"https:\/\/automecano.ca\/fr\/prendre-un-rendez-vous\/\">\n                <span class=\"mr-4\"> RENDEZ-VOUS<\/span>\n            <\/a>\n            <\/div>\n        <\/div>\n        <\/div>\n    <\/div>\n<\/div>\n<\/div>\n\n\n<div style=\"height:30px\" aria-hidden=\"true\" class=\"wp-block-spacer\"><\/div>\n\n\n\n<figure class=\"wp-block-image size-full\"><a href=\"https:\/\/automecano.ca\/wp-content\/uploads\/2024\/05\/200.WFW-PAMPHLETS_FR-CANADIEN-WORDPRESS-compressed.pdf\"><img loading=\"lazy\" decoding=\"async\" width=\"680\" height=\"255\" src=\"https:\/\/automecano.ca\/wp-content\/uploads\/2024\/04\/Boutons-telechargement-garanties-FR-AM-01.png\" alt=\"\" class=\"wp-image-29173\" srcset=\"https:\/\/automecano.ca\/wp-content\/uploads\/2024\/04\/Boutons-telechargement-garanties-FR-AM-01.png 680w, https:\/\/automecano.ca\/wp-content\/uploads\/2024\/04\/Boutons-telechargement-garanties-FR-AM-01-300x113.png 300w\" sizes=\"auto, (max-width: 680px) 100vw, 680px\" \/><\/a><\/figure>\n<\/div>\n\n\n\n<div class=\"wp-block-column is-layout-flow wp-block-column-is-layout-flow\" style=\"padding-top:var(--wp--preset--spacing--60);padding-right:var(--wp--preset--spacing--60);padding-bottom:var(--wp--preset--spacing--60);padding-left:var(--wp--preset--spacing--60);flex-basis:70%\">\n<h2 class=\"wp-block-heading\"><strong><strong><strong>GARANTIE SANS TRACAS<\/strong><\/strong><\/strong><\/h2>\n\n\n\n<p>Il n\u2019y a jamais de bon moment pour tomber en panne. M\u00eame avec un entretien rigoureux et de bonnes r\u00e9parations, votre automobile n\u2019est pas \u00e0 l\u2019abri d\u2019une avarie ou d\u2019un probl\u00e8me m\u00e9canique. C\u2019est pourquoi chez Auto M\u00e9cano*, nous offrons une garantie Nord-Am\u00e9ricaine Sans Tracas pour une p\u00e9riode de 12 mois ou 20.000 km, selon le premier terme atteint.\u00a0<\/p>\n\n\n\n<p>Toutes les r\u00e9parations ou les services ex\u00e9cut\u00e9s chez votre atelier Auto M\u00e9cano sont automatiquement couverts par cette garantie.<\/p>\n\n\n\n<p>Cette garantie sera honor\u00e9e dans plus de 35 000 ateliers en Am\u00e9rique du Nord.<\/p>\n\n\n\n<p>(Certaines conditions s\u2019appliquent)<\/p>\n\n\n\n<p>Que vous soyez sur la route vers le chalet ou vers la Floride, rouler l\u2019esprit tranquille, \u00e7a n\u2019a pas de prix!&nbsp;<\/p>\n\n\n\n<p><em>*dans les ateliers participants<\/em><\/p>\n\n\n\n<figure class=\"wp-block-image size-large is-resized is-style-default\"><img loading=\"lazy\" decoding=\"async\" width=\"1024\" height=\"683\" src=\"https:\/\/automecano.ca\/wp-content\/uploads\/2021\/11\/Confidence-plus.jpg\" alt=\"\" class=\"wp-image-8733\" style=\"width:590px;height:auto\" srcset=\"https:\/\/automecano.ca\/wp-content\/uploads\/2021\/11\/Confidence-plus.jpg 1024w, https:\/\/automecano.ca\/wp-content\/uploads\/2021\/11\/Confidence-plus-300x200.jpg 300w, https:\/\/automecano.ca\/wp-content\/uploads\/2021\/11\/Confidence-plus-768x512.jpg 768w\" sizes=\"auto, (max-width: 1024px) 100vw, 1024px\" \/><\/figure>\n\n\n\n<div style=\"height:22px\" aria-hidden=\"true\" class=\"wp-block-spacer\"><\/div>\n\n\n\n<p><strong>Ce programme couvre&nbsp;:<\/strong><\/p>\n\n\n\n<ul class=\"wp-block-list\">\n<li>Syst\u00e8mes de climatisation, de chauffage et de contr\u00f4le de temp\u00e9rature<\/li>\n\n\n\n<li>Syst\u00e8me de freinage<\/li>\n\n\n\n<li>Syst\u00e8me de refroidissement du moteur<\/li>\n\n\n\n<li>Syst\u00e8me \u00e9lectrique, y compris les syst\u00e8mes de d\u00e9marrage et de charge<\/li>\n\n\n\n<li>Performances du moteur, services de conduite et r\u00e9paration<\/li>\n\n\n\n<li>Syst\u00e8me d\u2019\u00e9chappement<\/li>\n\n\n\n<li>Syst\u00e8me d\u2019alimentation en carburant<\/li>\n\n\n\n<li>Syst\u00e8me d\u2019allumage<\/li>\n\n\n\n<li>Syst\u00e8me de gestion \u00e9lectronique du moteur et syst\u00e8mes informatiques embarqu\u00e9s (ordinateurs du moteur, de la carrosserie, des freins et de la suspension)<\/li>\n\n\n\n<li>Syst\u00e8me de r\u00e9gulation de vitesse<\/li>\n\n\n\n<li>Syst\u00e8me de direction\/suspension, roulements de roue, joints CV\/joints U, demi-arbres et arbres de transmission<\/li>\n\n\n\n<li>Embrayages<\/li>\n\n\n\n<li>R\u00e9paration ou entretien de diff\u00e9rentiels (\u00e0 l\u2019exclusion des bo\u00eetes-ponts)<\/li>\n\n\n\n<li>Autres r\u00e9parations mineures<\/li>\n<\/ul>\n\n\n\n<div style=\"height:22px\" aria-hidden=\"true\" class=\"wp-block-spacer\"><\/div>\n\n\n\n<p><strong>Proc\u00e9dures<\/strong><\/p>\n\n\n\n<ul class=\"wp-block-list\">\n<li>Si le v\u00e9hicule est \u00e0 l\u2019int\u00e9rieur d\u2019un rayon de 40 km de votre atelier\n<ul class=\"wp-block-list\">\n<li>Le v\u00e9hicule doit revenir \u00e0 votre atelier pour la r\u00e9paration sous garantie (la demande de remboursement de pi\u00e8ces et main d\u2019\u0153uvre, se fera selon la proc\u00e9dure r\u00e9guli\u00e8re de votre programme de banni\u00e8re ou de franchise)<\/li>\n<\/ul>\n<\/li>\n\n\n\n<li>Si le v\u00e9hicule est \u00e0 l\u2019ext\u00e9rieur d\u2019un rayon de 40 km de votre atelier\n<ul class=\"wp-block-list\">\n<li>Le consommateur doit contacter l\u2019administrateur de la garantie au 1-833-515-2937, de 8h00 \u00e0 20h00 du lundi au vendredi (heure de l\u2019Est), le samedi de 9h00 \u00e0 18h00, \u00e0 l\u2019exclusion des jours f\u00e9ri\u00e9s (USA). L\u2019administrateur indiquera l\u2019\u00e9tablissement participant le plus proche.<\/li>\n<\/ul>\n<\/li>\n\n\n\n<li>Si le v\u00e9hicule est \u00e0 l\u2019ext\u00e9rieur d\u2019un rayon de 40 km de votre atelier\n<ul class=\"wp-block-list\">\n<li>Les frais de r\u00e9paration \u00e0 titre de la garantie ne peuvent en aucun cas d\u00e9passer les co\u00fbts de la r\u00e9paration ou de l\u2019entretien d\u2019origine.<\/li>\n\n\n\n<li>Le remboursement se fera \u00e0 l\u2019atelier qui a fait la r\u00e9paration sous garantie. Si ce dernier n\u2019accepte pas d\u2019\u00eatre rembours\u00e9 par l\u2019administrateur de la garantie, le consommateur devra d\u00e9bourser le montant de la r\u00e9paration et ensuite faire une demande de remboursement \u00e0 l\u2019administrateur de la garantie (d\u00e9lai maximal de 90 jours pour faire une demande)<\/li>\n<\/ul>\n<\/li>\n<\/ul>\n\n\n\n<p><em><a href=\"https:\/\/automecano.ca\/wp-content\/uploads\/2024\/05\/Worry-Free-Protection-12-_-RSA-warranty-Canadian_FR_Final-2.pdf\">Cliquez ici pour en savoir plus<\/a><\/em><\/p>\n<\/div>\n<\/div>\n\n\n\n<p><\/p>\n","protected":false},"excerpt":{"rendered":"<p>GARANTIES ET ASSISTANCE Peu importe le v\u00e9hicule, ancien ou r\u00e9cent, il n\u00e9cessite des entretiens r\u00e9guliers afin de fonctionner de mani\u00e8re optimale. Toutefois, nul n\u2019est \u00e0 l\u2019abri de probl\u00e8mes m\u00e9caniques ou techniques. Notre programme de Garantie Sans Tracas et l\u2019assistance routi\u00e8re sont l\u00e0 pour vous aider \u00e0 rouler l\u2019esprit tranquille. Demandez \u00e0 votre atelier m\u00e9canique s&#8217;il &hellip;<\/p>\n","protected":false},"author":1,"featured_media":0,"parent":0,"menu_order":0,"comment_status":"closed","ping_status":"closed","template":"","meta":{"footnotes":""},"class_list":["post-7591","page","type-page","status-publish","hentry"],"yoast_head":"<!-- This site is optimized with the Yoast SEO plugin v26.6 - https:\/\/yoast.com\/wordpress\/plugins\/seo\/ -->\n<title>Garanties - SANS TRACAS - Auto M\u00e9cano<\/title>\n<meta name=\"robots\" content=\"index, follow, max-snippet:-1, max-image-preview:large, max-video-preview:-1\" \/>\n<link rel=\"canonical\" href=\"https:\/\/automecano.ca\/fr\/garantie-sans-tracas\/\" \/>\n<meta property=\"og:locale\" content=\"fr_CA\" \/>\n<meta property=\"og:type\" content=\"article\" \/>\n<meta property=\"og:title\" content=\"Garanties - SANS TRACAS - Auto M\u00e9cano\" \/>\n<meta property=\"og:description\" content=\"GARANTIES ET ASSISTANCE Peu importe le v\u00e9hicule, ancien ou r\u00e9cent, il n\u00e9cessite des entretiens r\u00e9guliers afin de fonctionner de mani\u00e8re optimale. Toutefois, nul n\u2019est \u00e0 l\u2019abri de probl\u00e8mes m\u00e9caniques ou techniques. Notre programme de Garantie Sans Tracas et l\u2019assistance routi\u00e8re sont l\u00e0 pour vous aider \u00e0 rouler l\u2019esprit tranquille. Demandez \u00e0 votre atelier m\u00e9canique s&#8217;il [&hellip;]\" \/>\n<meta property=\"og:url\" content=\"https:\/\/automecano.ca\/fr\/wp-json\/wp\/v2\/pages\/7591\" \/>\n<meta property=\"og:site_name\" content=\"Auto M\u00e9cano\" \/>\n<meta property=\"article:modified_time\" content=\"2024-05-27T20:46:24+00:00\" \/>\n<meta property=\"og:image\" content=\"https:\/\/automecano.ca\/wp-content\/themes\/automecano-wordpress-theme\/assets\/img\/logo-200x200.png\" \/>\n\t<meta property=\"og:image:width\" content=\"200\" \/>\n\t<meta property=\"og:image:height\" content=\"202\" \/><meta property=\"og:image\" content=\"https:\/\/automecano.ca\/wp-content\/uploads\/2024\/04\/Boutons-telechargement-garanties-FR-AM-01.png\" \/>\n<meta name=\"twitter:card\" content=\"summary_large_image\" \/>\n<meta name=\"twitter:label1\" content=\"Est. reading time\" \/>\n\t<meta name=\"twitter:data1\" content=\"3 minutes\" \/>\n<script type=\"application\/ld+json\" class=\"yoast-schema-graph\">{\"@context\":\"https:\/\/schema.org\",\"@graph\":[{\"@type\":\"WebPage\",\"@id\":\"https:\/\/automecano.ca\/fr\/garantie-sans-tracas\/\",\"url\":\"https:\/\/automecano.ca\/fr\/garantie-sans-tracas\/\",\"name\":\"Garanties - SANS TRACAS - Auto M\u00e9cano\",\"isPartOf\":{\"@id\":\"https:\/\/automecano.ca\/#website\"},\"primaryImageOfPage\":{\"@id\":\"https:\/\/automecano.ca\/fr\/garantie-sans-tracas\/#primaryimage\"},\"image\":{\"@id\":\"https:\/\/automecano.ca\/fr\/garantie-sans-tracas\/#primaryimage\"},\"thumbnailUrl\":\"https:\/\/automecano.ca\/wp-content\/uploads\/2024\/04\/Boutons-telechargement-garanties-FR-AM-01.png\",\"datePublished\":\"2021-07-05T17:30:14+00:00\",\"dateModified\":\"2024-05-27T20:46:24+00:00\",\"breadcrumb\":{\"@id\":\"https:\/\/automecano.ca\/fr\/garantie-sans-tracas\/#breadcrumb\"},\"inLanguage\":\"fr-CA\",\"potentialAction\":[{\"@type\":\"ReadAction\",\"target\":[\"https:\/\/automecano.ca\/fr\/garantie-sans-tracas\/\"]}]},{\"@type\":\"ImageObject\",\"inLanguage\":\"fr-CA\",\"@id\":\"https:\/\/automecano.ca\/fr\/garantie-sans-tracas\/#primaryimage\",\"url\":\"https:\/\/automecano.ca\/wp-content\/uploads\/2024\/04\/Boutons-telechargement-garanties-FR-AM-01.png\",\"contentUrl\":\"https:\/\/automecano.ca\/wp-content\/uploads\/2024\/04\/Boutons-telechargement-garanties-FR-AM-01.png\"},{\"@type\":\"BreadcrumbList\",\"@id\":\"https:\/\/automecano.ca\/fr\/garantie-sans-tracas\/#breadcrumb\",\"itemListElement\":[{\"@type\":\"ListItem\",\"position\":1,\"name\":\"Home\",\"item\":\"https:\/\/automecano.ca\/fr\/\"},{\"@type\":\"ListItem\",\"position\":2,\"name\":\"Garanties &#8211; SANS TRACAS\"}]},{\"@type\":\"WebSite\",\"@id\":\"https:\/\/automecano.ca\/#website\",\"url\":\"https:\/\/automecano.ca\/\",\"name\":\"Auto M\u00e9cano\",\"description\":\"Expert Technicien\",\"potentialAction\":[{\"@type\":\"SearchAction\",\"target\":{\"@type\":\"EntryPoint\",\"urlTemplate\":\"https:\/\/automecano.ca\/?s={search_term_string}\"},\"query-input\":{\"@type\":\"PropertyValueSpecification\",\"valueRequired\":true,\"valueName\":\"search_term_string\"}}],\"inLanguage\":\"fr-CA\"}]}<\/script>\n<!-- \/ Yoast SEO plugin. -->","yoast_head_json":{"title":"Garanties - SANS TRACAS - Auto M\u00e9cano","robots":{"index":"index","follow":"follow","max-snippet":"max-snippet:-1","max-image-preview":"max-image-preview:large","max-video-preview":"max-video-preview:-1"},"canonical":"https:\/\/automecano.ca\/fr\/garantie-sans-tracas\/","og_locale":"fr_CA","og_type":"article","og_title":"Garanties - SANS TRACAS - Auto M\u00e9cano","og_description":"GARANTIES ET ASSISTANCE Peu importe le v\u00e9hicule, ancien ou r\u00e9cent, il n\u00e9cessite des entretiens r\u00e9guliers afin de fonctionner de mani\u00e8re optimale. Toutefois, nul n\u2019est \u00e0 l\u2019abri de probl\u00e8mes m\u00e9caniques ou techniques. Notre programme de Garantie Sans Tracas et l\u2019assistance routi\u00e8re sont l\u00e0 pour vous aider \u00e0 rouler l\u2019esprit tranquille. Demandez \u00e0 votre atelier m\u00e9canique s&#8217;il [&hellip;]","og_url":"https:\/\/automecano.ca\/fr\/wp-json\/wp\/v2\/pages\/7591","og_site_name":"Auto M\u00e9cano","article_modified_time":"2024-05-27T20:46:24+00:00","og_image":[{"url":"https:\/\/automecano.ca\/wp-content\/themes\/automecano-wordpress-theme\/assets\/img\/logo-200x200.png","height":202,"width":200,"type":""},{"url":"https:\/\/automecano.ca\/wp-content\/uploads\/2024\/04\/Boutons-telechargement-garanties-FR-AM-01.png","type":"","width":"","height":""}],"twitter_card":"summary_large_image","twitter_misc":{"Est. reading time":"3 minutes"},"schema":{"@context":"https:\/\/schema.org","@graph":[{"@type":"WebPage","@id":"https:\/\/automecano.ca\/fr\/garantie-sans-tracas\/","url":"https:\/\/automecano.ca\/fr\/garantie-sans-tracas\/","name":"Garanties - SANS TRACAS - Auto M\u00e9cano","isPartOf":{"@id":"https:\/\/automecano.ca\/#website"},"primaryImageOfPage":{"@id":"https:\/\/automecano.ca\/fr\/garantie-sans-tracas\/#primaryimage"},"image":{"@id":"https:\/\/automecano.ca\/fr\/garantie-sans-tracas\/#primaryimage"},"thumbnailUrl":"https:\/\/automecano.ca\/wp-content\/uploads\/2024\/04\/Boutons-telechargement-garanties-FR-AM-01.png","datePublished":"2021-07-05T17:30:14+00:00","dateModified":"2024-05-27T20:46:24+00:00","breadcrumb":{"@id":"https:\/\/automecano.ca\/fr\/garantie-sans-tracas\/#breadcrumb"},"inLanguage":"fr-CA","potentialAction":[{"@type":"ReadAction","target":["https:\/\/automecano.ca\/fr\/garantie-sans-tracas\/"]}]},{"@type":"ImageObject","inLanguage":"fr-CA","@id":"https:\/\/automecano.ca\/fr\/garantie-sans-tracas\/#primaryimage","url":"https:\/\/automecano.ca\/wp-content\/uploads\/2024\/04\/Boutons-telechargement-garanties-FR-AM-01.png","contentUrl":"https:\/\/automecano.ca\/wp-content\/uploads\/2024\/04\/Boutons-telechargement-garanties-FR-AM-01.png"},{"@type":"BreadcrumbList","@id":"https:\/\/automecano.ca\/fr\/garantie-sans-tracas\/#breadcrumb","itemListElement":[{"@type":"ListItem","position":1,"name":"Home","item":"https:\/\/automecano.ca\/fr\/"},{"@type":"ListItem","position":2,"name":"Garanties &#8211; SANS TRACAS"}]},{"@type":"WebSite","@id":"https:\/\/automecano.ca\/#website","url":"https:\/\/automecano.ca\/","name":"Auto M\u00e9cano","description":"Expert Technicien","potentialAction":[{"@type":"SearchAction","target":{"@type":"EntryPoint","urlTemplate":"https:\/\/automecano.ca\/?s={search_term_string}"},"query-input":{"@type":"PropertyValueSpecification","valueRequired":true,"valueName":"search_term_string"}}],"inLanguage":"fr-CA"}]}},"_links":{"self":[{"href":"https:\/\/automecano.ca\/fr\/wp-json\/wp\/v2\/pages\/7591","targetHints":{"allow":["GET"]}}],"collection":[{"href":"https:\/\/automecano.ca\/fr\/wp-json\/wp\/v2\/pages"}],"about":[{"href":"https:\/\/automecano.ca\/fr\/wp-json\/wp\/v2\/types\/page"}],"author":[{"embeddable":true,"href":"https:\/\/automecano.ca\/fr\/wp-json\/wp\/v2\/users\/1"}],"replies":[{"embeddable":true,"href":"https:\/\/automecano.ca\/fr\/wp-json\/wp\/v2\/comments?post=7591"}],"version-history":[{"count":0,"href":"https:\/\/automecano.ca\/fr\/wp-json\/wp\/v2\/pages\/7591\/revisions"}],"wp:attachment":[{"href":"https:\/\/automecano.ca\/fr\/wp-json\/wp\/v2\/media?parent=7591"}],"curies":[{"name":"wp","href":"https:\/\/api.w.org\/{rel}","templated":true}]}}