{"id":7876,"date":"2021-08-20T15:15:40","date_gmt":"2021-08-20T19:15:40","guid":{"rendered":"https:\/\/octo.publipageclients.com\/?page_id=7876"},"modified":"2024-05-28T09:47:06","modified_gmt":"2024-05-28T13:47:06","slug":"assistance-routiere","status":"publish","type":"page","link":"https:\/\/automecano.ca\/fr\/assistance-routiere\/","title":{"rendered":"Garanties -assistance routiere"},"content":{"rendered":"\n<h1 class=\"wp-block-heading warrantie-padding\">GARANTIES ET ASSISTANCE<\/h1>\n\n\n\n<p class=\"warrantie-padding\">Peu importe le v\u00e9hicule, ancien ou r\u00e9cent, il n\u00e9cessite des entretiens r\u00e9guliers afin de fonctionner de mani\u00e8re optimale. Toutefois, nul n\u2019est \u00e0 l\u2019abri de probl\u00e8mes m\u00e9caniques ou techniques. Notre programme de Garantie Sans Tracas et l\u2019assistance routi\u00e8re sont l\u00e0 pour vous aider \u00e0 rouler l\u2019esprit tranquille.<br><br>Demandez \u00e0 votre atelier m\u00e9canique s&#8217;il offre ces programmes ! *<\/p>\n\n\n\n<p style=\"font-size:12px;\">* Sans Tracas et l&#8217;assistance routi\u00e8re sont des programmes optionnels. Ils pourraient ne pas \u00eatre offerts dans tous les ateliers Auto M\u00e9cano de Qu\u00e9bec.<\/p>\n\n\n\n<div class=\"wp-block-columns is-layout-flex wp-container-core-columns-is-layout-643ced6b wp-block-columns-is-layout-flex\">\n<div class=\"wp-block-column warranties is-layout-flow wp-block-column-is-layout-flow\" style=\"flex-basis:30%\">\n<p class=\"warrantie-padding\"><a href=\"https:\/\/automecano.ca\/fr\/garantie-sans-tracas\/\">Garantie Sans Tracas&nbsp;<\/a><\/p>\n\n\n\n<p class=\"warrantie-padding\"><a href=\"https:\/\/automecano.ca\/fr\/assistance-routiere\/\"><strong>Assistance routi\u00e8re<\/strong><\/a><\/p>\n\n\n\n<div style=\"height:50px\" aria-hidden=\"true\" class=\"wp-block-spacer\"><\/div>\n\n\n<div class=\"favorite-location-block\" data-block-id=\"1\">\n<div id=\"lt-vertical-widget\" class=\"\">\n    <div class=\"box\">\n        <div class=\"row\">\n        <div class=\"col-md-12 vcenter\">\n            <h2 class=\"locationName\">\n            VOTRE ATELIER LE PLUS PR\u00c8S\n            <\/h2>\n        <\/div>\n        <div class=\"col-md-12\">\n            <hr class=\"yellow\">\n        <\/div>\n        <div class=\"col-md-12 store\">\n            <a class=\"changeStoreCta\" href=\"https:\/\/automecano.ca\/fr\/ateliers\/\">\n            CHANGER D\u2019ATELIER\n            <\/a>\n            <h3 class=\"locationNameHeading\">450-M\u00e9canique Auto M\u00e9cano<\/h3>\n            <p class=\"mb-10\">1556 Jean Lachaine<\/p>\n            <p class=\"mb-10\">Sainte-Catherine (QC) J5L 1C2<\/p>\n            <div class=\"locationPhoneNumber\">\n            <a href=\"tel:(450) 684-0315\">(450) 684-0315<\/a>\n            <\/div>\n            <div class=\"smartSchedule\"><div class=\"lsl-schedule\"><div class='day'><span class='week-day'>dimanche<\/span><div class='time'><span class=\"time-slot closed\">ferm\u00e9<\/span><\/div><\/div><div class='day'><span class='week-day'>lundi<\/span><div class='time'><span class=\"time-slot\">07:00 &#8211; 19:00<\/span><br><\/div><\/div><div class='day'><span class='week-day'>mardi<\/span><div class='time'><span class=\"time-slot\">07:00 &#8211; 19:00<\/span><br><\/div><\/div><div class='day'><span class='week-day'>mercredi<\/span><div class='time'><span class=\"time-slot\">07:00 &#8211; 19:00<\/span><br><\/div><\/div><div class='day'><span class='week-day'>jeudi<\/span><div class='time'><span class=\"time-slot\">07:00 &#8211; 19:00<\/span><br><\/div><\/div><div class='day'><span class='week-day'>vendredi<\/span><div class='time'><span class=\"time-slot closed\">ferm\u00e9<\/span><\/div><\/div><div class='day'><span class='week-day'>samedi<\/span><div class='time'><span class=\"time-slot closed\">ferm\u00e9<\/span><\/div><\/div><\/div><\/div>\n            <div class=\"cta\">\n            <a href=\"https:\/\/automecano.ca\/fr\/prendre-un-rendez-vous\/\">\n                <span class=\"mr-4\"> RENDEZ-VOUS<\/span>\n            <\/a>\n            <\/div>\n        <\/div>\n        <\/div>\n    <\/div>\n<\/div>\n<\/div>\n\n\n<div style=\"height:33px\" aria-hidden=\"true\" class=\"wp-block-spacer\"><\/div>\n\n\n\n<figure class=\"wp-block-image size-full\"><a href=\"https:\/\/automecano.ca\/wp-content\/uploads\/2024\/05\/200.WFW-TEAR-PAD_FR-CANADIEN-WORDPRESS-1.pdf\"><img loading=\"lazy\" decoding=\"async\" width=\"680\" height=\"259\" src=\"https:\/\/automecano.ca\/wp-content\/uploads\/2024\/05\/Boutons-telechargement-garanties-FR-AM-02.png\" alt=\"\" class=\"wp-image-29318\" srcset=\"https:\/\/automecano.ca\/wp-content\/uploads\/2024\/05\/Boutons-telechargement-garanties-FR-AM-02.png 680w, https:\/\/automecano.ca\/wp-content\/uploads\/2024\/05\/Boutons-telechargement-garanties-FR-AM-02-300x114.png 300w\" sizes=\"auto, (max-width: 680px) 100vw, 680px\" \/><\/a><\/figure>\n\n\n<\/div>\n\n\n\n<div class=\"wp-block-column is-layout-flow wp-block-column-is-layout-flow\" style=\"padding-top:var(--wp--preset--spacing--60);padding-right:var(--wp--preset--spacing--60);padding-bottom:var(--wp--preset--spacing--60);padding-left:var(--wp--preset--spacing--60);flex-basis:70%\">\n<h2 class=\"wp-block-heading\"><strong>ASSISTANCE ROUTI\u00c8RE<\/strong><\/h2>\n\n\n\n<p>Bloqu\u00e9 dans la neige au milieu de nulle part? Un pneu crev\u00e9 devant la maison ou sur la route des vacances? La batterie de votre automobile est \u00e0 plat\u2026 Soyons honn\u00eates, nous esp\u00e9rons tous que ces situations ne nous arrivent jamais\u2026 mais elles finissent souvent par nous frapper t\u00f4t ou tard, et le plus souvent, au plus mauvais moment. Chez Auto M\u00e9cano, nous comprenons que ces situations soient d\u00e9sagr\u00e9ables. C\u2019est pourquoi nous offrons* \u00e0 tous nos clients l\u2019Assistance routi\u00e8re, un programme de remboursement** qui offre confort et s\u00e9r\u00e9nit\u00e9 d\u2019esprit quelle que soit l\u2019une des situations suivantes***&nbsp;:<\/p>\n\n\n\n<p>1. Remorquage&nbsp;<\/p>\n\n\n\n<p>2. D\u00e9verrouillage de porti\u00e8re<\/p>\n\n\n\n<p>3. Crevaison &#8211; Si le v\u00e9hicule couvert en panne n\u2019a pas de roue de secours en \u00e9tat de rouler, ou s\u2019il y a deux ou plusieurs pneus \u00e0 plat, le v\u00e9hicule sera remorqu\u00e9.&nbsp;<\/p>\n\n\n\n<p>4. Service de livraison de carburant, d\u2019huile, de liquide et d\u2019eau &#8211; Un approvisionnement d\u2019urgence de carburant (si autoris\u00e9), d\u2019huile, de liquide et d\u2019eau sera livr\u00e9 \u00e0 n\u2019importe quel v\u00e9hicule couvert afin de r\u00e9pondre aux besoins imm\u00e9diats. Le client doit payer les co\u00fbts de la livraison des liquides.<\/p>\n\n\n\n<p>5. D\u00e9marrage d&#8217;urgence<\/p>\n\n\n\n<ul class=\"wp-block-list\">\n<li>Le prestataire de services fera d\u00e9marrer d&#8217;urgence votre v\u00e9hicule au cas o\u00f9 votre batterie serait d\u00e9charg\u00e9e.<\/li>\n<\/ul>\n\n\n\n<p>*uniquement les ateliers participants<\/p>\n\n\n\n<p>**Jusqu\u2019\u00e0 concurrence de 100 $ CAD par r\u00e9clamation. Maximum 2 r\u00e9clamations par ann\u00e9e.<\/p>\n\n\n\n<p>*** Au Canada, vous pouvez choisir le fournisseur de service de votre choix. Nous vous conseillons de contacter votre atelier Auto M\u00e9cano pour \u00eatre r\u00e9f\u00e9r\u00e9 \u00e0 un fournisseur de service ou m\u00eame \u00eatre pris en charge par votre atelier Auto M\u00e9cano. <\/p>\n\n\n\n<p><\/p>\n\n\n\n<p>Si vous n&#8217;\u00eates pas au Canada, vous devez demander l&#8217;assistance au 833-515-2937 pour obtenir le service d&#8217;assistance routi\u00e8re.<\/p>\n\n\n\n<div style=\"height:24px\" aria-hidden=\"true\" class=\"wp-block-spacer\"><\/div>\n\n\n\n<figure class=\"wp-block-image size-large\"><img loading=\"lazy\" decoding=\"async\" width=\"1024\" height=\"683\" src=\"https:\/\/automecano.ca\/wp-content\/uploads\/2021\/12\/Saferoute.jpeg.png\" alt=\"\" class=\"wp-image-8876\" srcset=\"https:\/\/automecano.ca\/wp-content\/uploads\/2021\/12\/Saferoute.jpeg.png 1024w, https:\/\/automecano.ca\/wp-content\/uploads\/2021\/12\/Saferoute.jpeg-300x200.png 300w, https:\/\/automecano.ca\/wp-content\/uploads\/2021\/12\/Saferoute.jpeg-768x512.png 768w\" sizes=\"auto, (max-width: 1024px) 100vw, 1024px\" \/><\/figure>\n\n\n\n<div style=\"height:24px\" aria-hidden=\"true\" class=\"wp-block-spacer\"><\/div>\n\n\n\n<p><strong>Ce qui est couvert par la garantie limit\u00e9e de r\u00e9paration<\/strong><\/p>\n\n\n\n<p>Cette garantie couvre les types de r\u00e9parations et de services suivants, sous r\u00e9serve des exclusions \u00e9num\u00e9r\u00e9es ci-dessous :<\/p>\n\n\n\n<ul class=\"wp-block-list\">\n<li>Syst\u00e8mes de climatisation, de chauffage et de contr\u00f4le de la temp\u00e9rature,<\/li>\n\n\n\n<li>Syst\u00e8me de freinage,<\/li>\n\n\n\n<li>Syst\u00e8me de refroidissement du moteur,<\/li>\n\n\n\n<li>Syst\u00e8me \u00e9lectrique, y compris les syst\u00e8mes de d\u00e9marrage et de charge, performances du moteur, services et r\u00e9parations li\u00e9s \u00e0 la conduite, etc.<\/li>\n\n\n\n<li>Syst\u00e8me d&#8217;\u00e9chappement,<\/li>\n\n\n\n<li>Syst\u00e8me de carburant,<\/li>\n\n\n\n<li>Syst\u00e8me d&#8217;allumage,<\/li>\n\n\n\n<li>Syst\u00e8me de gestion \u00e9lectronique du moteur et syst\u00e8mes informatiques embarqu\u00e9s, etc. (carrosserie, des freins et de la suspension)<\/li>\n\n\n\n<li>Syst\u00e8me de r\u00e9gulation de vitesse, <\/li>\n\n\n\n<li>Syst\u00e8me de direction\/suspension,<\/li>\n\n\n\n<li>Roulements de roue, joints CV\/U-joints, demi-arbres et arbres de transmission, embrayage, diff\u00e9rentiel<\/li>\n\n\n\n<li>Autres r\u00e9parations mineures<\/li>\n<\/ul>\n\n\n\n<div style=\"height:24px\" aria-hidden=\"true\" class=\"wp-block-spacer\"><\/div>\n\n\n\n<p><strong>Comment obtenir un service sous garantie.<\/strong><\/p>\n\n\n\n<ul class=\"wp-block-list\">\n<li><em>Si vous vous trouvez \u00e0 moins de 20 km de l\u2019atelier de r\u00e9paration d&#8217;origine: <br><\/em>Vous devez y ramener votre v\u00e9hicule pour toute r\u00e9paration au titre de la garantie.<\/li>\n\n\n\n<li><em>Si vous \u00eates \u00e0 plus de 20 km de l\u2019atelier de r\u00e9paration d&#8217;origine:<br><\/em>Vous devez appeler l&#8217;administrateur de la garantie avant toute r\u00e9paration sous garantie, au 1-833-515-2937, de 8 h \u00e0 20 h du lundi au vendredi (heure de l&#8217;Est), le samedi de 9 h \u00e0 18 h, \u00e0 l&#8217;exclusion des jours f\u00e9ri\u00e9s.<\/li>\n<\/ul>\n\n\n\n<p><em><a href=\"https:\/\/automecano.ca\/wp-content\/uploads\/2024\/05\/Canada-RSA-statement_FR_Final-2.pdf\" target=\"_blank\" rel=\"noreferrer noopener\">Cliquez ici pour en savoir plus<\/a><\/em><\/p>\n<\/div>\n<\/div>\n","protected":false},"excerpt":{"rendered":"<p>GARANTIES ET ASSISTANCE Peu importe le v\u00e9hicule, ancien ou r\u00e9cent, il n\u00e9cessite des entretiens r\u00e9guliers afin de fonctionner de mani\u00e8re optimale. Toutefois, nul n\u2019est \u00e0 l\u2019abri de probl\u00e8mes m\u00e9caniques ou techniques. Notre programme de Garantie Sans Tracas et l\u2019assistance routi\u00e8re sont l\u00e0 pour vous aider \u00e0 rouler l\u2019esprit tranquille. Demandez \u00e0 votre atelier m\u00e9canique s&#8217;il &hellip;<\/p>\n","protected":false},"author":1,"featured_media":0,"parent":0,"menu_order":0,"comment_status":"closed","ping_status":"closed","template":"","meta":{"footnotes":""},"class_list":["post-7876","page","type-page","status-publish","hentry"],"yoast_head":"<!-- This site is optimized with the Yoast SEO plugin v26.6 - https:\/\/yoast.com\/wordpress\/plugins\/seo\/ -->\n<title>Garanties -assistance routiere - Auto M\u00e9cano<\/title>\n<meta name=\"robots\" content=\"index, follow, max-snippet:-1, max-image-preview:large, max-video-preview:-1\" \/>\n<link rel=\"canonical\" href=\"https:\/\/automecano.ca\/fr\/assistance-routiere\/\" \/>\n<meta property=\"og:locale\" content=\"fr_CA\" \/>\n<meta property=\"og:type\" content=\"article\" \/>\n<meta property=\"og:title\" content=\"Garanties -assistance routiere - Auto M\u00e9cano\" \/>\n<meta property=\"og:description\" content=\"GARANTIES ET ASSISTANCE Peu importe le v\u00e9hicule, ancien ou r\u00e9cent, il n\u00e9cessite des entretiens r\u00e9guliers afin de fonctionner de mani\u00e8re optimale. Toutefois, nul n\u2019est \u00e0 l\u2019abri de probl\u00e8mes m\u00e9caniques ou techniques. Notre programme de Garantie Sans Tracas et l\u2019assistance routi\u00e8re sont l\u00e0 pour vous aider \u00e0 rouler l\u2019esprit tranquille. Demandez \u00e0 votre atelier m\u00e9canique s&#8217;il [&hellip;]\" \/>\n<meta property=\"og:url\" content=\"https:\/\/automecano.ca\/fr\/wp-json\/wp\/v2\/pages\/7876\" \/>\n<meta property=\"og:site_name\" content=\"Auto M\u00e9cano\" \/>\n<meta property=\"article:modified_time\" content=\"2024-05-28T13:47:06+00:00\" \/>\n<meta property=\"og:image\" content=\"https:\/\/automecano.ca\/wp-content\/themes\/automecano-wordpress-theme\/assets\/img\/logo-200x200.png\" \/>\n\t<meta property=\"og:image:width\" content=\"200\" \/>\n\t<meta property=\"og:image:height\" content=\"202\" \/><meta property=\"og:image\" content=\"https:\/\/automecano.ca\/wp-content\/uploads\/2024\/05\/Boutons-telechargement-garanties-FR-AM-02.png\" \/>\n<meta name=\"twitter:card\" content=\"summary_large_image\" \/>\n<meta name=\"twitter:label1\" content=\"Est. reading time\" \/>\n\t<meta name=\"twitter:data1\" content=\"4 minutes\" \/>\n<script type=\"application\/ld+json\" class=\"yoast-schema-graph\">{\"@context\":\"https:\/\/schema.org\",\"@graph\":[{\"@type\":\"WebPage\",\"@id\":\"https:\/\/automecano.ca\/fr\/assistance-routiere\/\",\"url\":\"https:\/\/automecano.ca\/fr\/assistance-routiere\/\",\"name\":\"Garanties -assistance routiere - Auto M\u00e9cano\",\"isPartOf\":{\"@id\":\"https:\/\/automecano.ca\/#website\"},\"primaryImageOfPage\":{\"@id\":\"https:\/\/automecano.ca\/fr\/assistance-routiere\/#primaryimage\"},\"image\":{\"@id\":\"https:\/\/automecano.ca\/fr\/assistance-routiere\/#primaryimage\"},\"thumbnailUrl\":\"https:\/\/automecano.ca\/wp-content\/uploads\/2024\/05\/Boutons-telechargement-garanties-FR-AM-02.png\",\"datePublished\":\"2021-08-20T19:15:40+00:00\",\"dateModified\":\"2024-05-28T13:47:06+00:00\",\"breadcrumb\":{\"@id\":\"https:\/\/automecano.ca\/fr\/assistance-routiere\/#breadcrumb\"},\"inLanguage\":\"fr-CA\",\"potentialAction\":[{\"@type\":\"ReadAction\",\"target\":[\"https:\/\/automecano.ca\/fr\/assistance-routiere\/\"]}]},{\"@type\":\"ImageObject\",\"inLanguage\":\"fr-CA\",\"@id\":\"https:\/\/automecano.ca\/fr\/assistance-routiere\/#primaryimage\",\"url\":\"https:\/\/automecano.ca\/wp-content\/uploads\/2024\/05\/Boutons-telechargement-garanties-FR-AM-02.png\",\"contentUrl\":\"https:\/\/automecano.ca\/wp-content\/uploads\/2024\/05\/Boutons-telechargement-garanties-FR-AM-02.png\"},{\"@type\":\"BreadcrumbList\",\"@id\":\"https:\/\/automecano.ca\/fr\/assistance-routiere\/#breadcrumb\",\"itemListElement\":[{\"@type\":\"ListItem\",\"position\":1,\"name\":\"Home\",\"item\":\"https:\/\/automecano.ca\/fr\/\"},{\"@type\":\"ListItem\",\"position\":2,\"name\":\"Garanties -assistance routiere\"}]},{\"@type\":\"WebSite\",\"@id\":\"https:\/\/automecano.ca\/#website\",\"url\":\"https:\/\/automecano.ca\/\",\"name\":\"Auto M\u00e9cano\",\"description\":\"Expert Technicien\",\"potentialAction\":[{\"@type\":\"SearchAction\",\"target\":{\"@type\":\"EntryPoint\",\"urlTemplate\":\"https:\/\/automecano.ca\/?s={search_term_string}\"},\"query-input\":{\"@type\":\"PropertyValueSpecification\",\"valueRequired\":true,\"valueName\":\"search_term_string\"}}],\"inLanguage\":\"fr-CA\"}]}<\/script>\n<!-- \/ Yoast SEO plugin. -->","yoast_head_json":{"title":"Garanties -assistance routiere - Auto M\u00e9cano","robots":{"index":"index","follow":"follow","max-snippet":"max-snippet:-1","max-image-preview":"max-image-preview:large","max-video-preview":"max-video-preview:-1"},"canonical":"https:\/\/automecano.ca\/fr\/assistance-routiere\/","og_locale":"fr_CA","og_type":"article","og_title":"Garanties -assistance routiere - Auto M\u00e9cano","og_description":"GARANTIES ET ASSISTANCE Peu importe le v\u00e9hicule, ancien ou r\u00e9cent, il n\u00e9cessite des entretiens r\u00e9guliers afin de fonctionner de mani\u00e8re optimale. Toutefois, nul n\u2019est \u00e0 l\u2019abri de probl\u00e8mes m\u00e9caniques ou techniques. Notre programme de Garantie Sans Tracas et l\u2019assistance routi\u00e8re sont l\u00e0 pour vous aider \u00e0 rouler l\u2019esprit tranquille. Demandez \u00e0 votre atelier m\u00e9canique s&#8217;il [&hellip;]","og_url":"https:\/\/automecano.ca\/fr\/wp-json\/wp\/v2\/pages\/7876","og_site_name":"Auto M\u00e9cano","article_modified_time":"2024-05-28T13:47:06+00:00","og_image":[{"url":"https:\/\/automecano.ca\/wp-content\/themes\/automecano-wordpress-theme\/assets\/img\/logo-200x200.png","height":202,"width":200,"type":""},{"url":"https:\/\/automecano.ca\/wp-content\/uploads\/2024\/05\/Boutons-telechargement-garanties-FR-AM-02.png","type":"","width":"","height":""}],"twitter_card":"summary_large_image","twitter_misc":{"Est. reading time":"4 minutes"},"schema":{"@context":"https:\/\/schema.org","@graph":[{"@type":"WebPage","@id":"https:\/\/automecano.ca\/fr\/assistance-routiere\/","url":"https:\/\/automecano.ca\/fr\/assistance-routiere\/","name":"Garanties -assistance routiere - Auto M\u00e9cano","isPartOf":{"@id":"https:\/\/automecano.ca\/#website"},"primaryImageOfPage":{"@id":"https:\/\/automecano.ca\/fr\/assistance-routiere\/#primaryimage"},"image":{"@id":"https:\/\/automecano.ca\/fr\/assistance-routiere\/#primaryimage"},"thumbnailUrl":"https:\/\/automecano.ca\/wp-content\/uploads\/2024\/05\/Boutons-telechargement-garanties-FR-AM-02.png","datePublished":"2021-08-20T19:15:40+00:00","dateModified":"2024-05-28T13:47:06+00:00","breadcrumb":{"@id":"https:\/\/automecano.ca\/fr\/assistance-routiere\/#breadcrumb"},"inLanguage":"fr-CA","potentialAction":[{"@type":"ReadAction","target":["https:\/\/automecano.ca\/fr\/assistance-routiere\/"]}]},{"@type":"ImageObject","inLanguage":"fr-CA","@id":"https:\/\/automecano.ca\/fr\/assistance-routiere\/#primaryimage","url":"https:\/\/automecano.ca\/wp-content\/uploads\/2024\/05\/Boutons-telechargement-garanties-FR-AM-02.png","contentUrl":"https:\/\/automecano.ca\/wp-content\/uploads\/2024\/05\/Boutons-telechargement-garanties-FR-AM-02.png"},{"@type":"BreadcrumbList","@id":"https:\/\/automecano.ca\/fr\/assistance-routiere\/#breadcrumb","itemListElement":[{"@type":"ListItem","position":1,"name":"Home","item":"https:\/\/automecano.ca\/fr\/"},{"@type":"ListItem","position":2,"name":"Garanties -assistance routiere"}]},{"@type":"WebSite","@id":"https:\/\/automecano.ca\/#website","url":"https:\/\/automecano.ca\/","name":"Auto M\u00e9cano","description":"Expert Technicien","potentialAction":[{"@type":"SearchAction","target":{"@type":"EntryPoint","urlTemplate":"https:\/\/automecano.ca\/?s={search_term_string}"},"query-input":{"@type":"PropertyValueSpecification","valueRequired":true,"valueName":"search_term_string"}}],"inLanguage":"fr-CA"}]}},"_links":{"self":[{"href":"https:\/\/automecano.ca\/fr\/wp-json\/wp\/v2\/pages\/7876","targetHints":{"allow":["GET"]}}],"collection":[{"href":"https:\/\/automecano.ca\/fr\/wp-json\/wp\/v2\/pages"}],"about":[{"href":"https:\/\/automecano.ca\/fr\/wp-json\/wp\/v2\/types\/page"}],"author":[{"embeddable":true,"href":"https:\/\/automecano.ca\/fr\/wp-json\/wp\/v2\/users\/1"}],"replies":[{"embeddable":true,"href":"https:\/\/automecano.ca\/fr\/wp-json\/wp\/v2\/comments?post=7876"}],"version-history":[{"count":0,"href":"https:\/\/automecano.ca\/fr\/wp-json\/wp\/v2\/pages\/7876\/revisions"}],"wp:attachment":[{"href":"https:\/\/automecano.ca\/fr\/wp-json\/wp\/v2\/media?parent=7876"}],"curies":[{"name":"wp","href":"https:\/\/api.w.org\/{rel}","templated":true}]}}